{"id":4683,"date":"2023-06-10T19:15:16","date_gmt":"2023-06-10T19:15:16","guid":{"rendered":"https:\/\/canalviewstayamsterdam.com\/?page_id=4683"},"modified":"2025-08-14T16:27:50","modified_gmt":"2025-08-14T16:27:50","slug":"private-bootsfahrt-amsterdam","status":"publish","type":"page","link":"https:\/\/www.canalviewstayamsterdam.com\/de\/private-boat-tour-amsterdam\/","title":{"rendered":"Private Bootstour"},"content":{"rendered":"<div data-elementor-type=\"wp-page\" data-elementor-id=\"4683\" class=\"elementor elementor-4683\">\n\t\t\t\t\t\t<section class=\"elementor-section elementor-top-section elementor-element elementor-element-bc1ac1a elementor-section-full_width elementor-section-height-default elementor-section-height-default\" data-id=\"bc1ac1a\" data-element_type=\"section\" data-e-type=\"section\" data-settings=\"{&quot;background_background&quot;:&quot;classic&quot;}\">\n\t\t\t\t\t\t\t<div class=\"elementor-background-overlay\"><\/div>\n\t\t\t\t\t\t\t<div class=\"elementor-container elementor-column-gap-no\">\n\t\t\t\t\t<div class=\"elementor-column elementor-col-100 elementor-top-column elementor-element elementor-element-9d6466a\" data-id=\"9d6466a\" data-element_type=\"column\" data-e-type=\"column\">\n\t\t\t<div class=\"elementor-widget-wrap elementor-element-populated\">\n\t\t\t\t\t\t<div class=\"elementor-element elementor-element-52b55ae elementor-widget elementor-widget-kinsley-intro\" data-id=\"52b55ae\" data-element_type=\"widget\" data-e-type=\"widget\" data-widget_type=\"kinsley-intro.default\">\n\t\t\t\t<div class=\"elementor-widget-container\">\n\t\t\t\t\t\n    <!-- banner -->\n    <section class=\"knsl-banner-simple knsl-transition-bottom knsl-banner-white\">\n      \n\t  \n      <div class=\"container\">\n        <div class=\"row\">\n          <div class=\"col-lg-12\">\n\n            <div class=\"knsl-center knsl-title-frame\">\n                            <h1 class=\"knsl-title--h knsl-mb-20 knsl-h1-inner\">\n                <span >\n                    Private Bootstour                <\/span>\n              <\/h1>\n                            \n              \n            <\/div>\n\n          <\/div>\n        <\/div>\n      <\/div>\n    <\/section>\n    <!-- banner end -->\n\n\t\t\t\t\t\t<\/div>\n\t\t\t\t<\/div>\n\t\t\t\t\t<\/div>\n\t\t<\/div>\n\t\t\t\t\t<\/div>\n\t\t<\/section>\n\t\t\t\t<section class=\"elementor-section elementor-top-section elementor-element elementor-element-8791cf2 elementor-section-boxed elementor-section-height-default elementor-section-height-default\" data-id=\"8791cf2\" data-element_type=\"section\" data-e-type=\"section\">\n\t\t\t\t\t\t<div class=\"elementor-container elementor-column-gap-default\">\n\t\t\t\t\t<div class=\"elementor-column elementor-col-100 elementor-top-column elementor-element elementor-element-2077fd4\" data-id=\"2077fd4\" data-element_type=\"column\" data-e-type=\"column\">\n\t\t\t<div class=\"elementor-widget-wrap elementor-element-populated\">\n\t\t\t\t\t\t<div class=\"elementor-element elementor-element-a038780 elementor-widget__width-initial elementor-widget elementor-widget-text-editor\" data-id=\"a038780\" data-element_type=\"widget\" data-e-type=\"widget\" data-widget_type=\"text-editor.default\">\n\t\t\t\t<div class=\"elementor-widget-container\">\n\t\t\t\t\t\t\t\t\t<p>Eine Fahrt auf den Amsterdamer Kan\u00e4len ist eine der denkw\u00fcrdigsten und romantischsten Arten, die Einzigartigkeit der Stadt zu entdecken, denn alles wirkt ein wenig magischer, wenn man es von einem Boot aus betrachtet.&nbsp;<span style=\"letter-spacing: 0px;\">Wir bieten unseren G\u00e4sten private Bootstouren an, die bequem am Kanal direkt vor unserem Bed &amp; Breakfast starten.<\/span><\/p>\n<p>Kommen Sie an Bord unseres komfortablen offenen Bootes unter der Leitung von Johannes als Kapit\u00e4n und Reisef\u00fchrer. \u201cTulips\u201d, 6 Meter lang und lokal gebaut, ist eine charmante, sichere und private M\u00f6glichkeit, eine Kanalrundfahrt zu genie\u00dfen. Dieses Boot kann auch kleinere Kan\u00e4le befahren, die f\u00fcr gr\u00f6\u00dfere Touristenschiffe unzug\u00e4nglich sind. Einige lokale Einblicke und Erkl\u00e4rungen sind ebenso inbegriffen wie Snacks und Getr\u00e4nke.&nbsp;<span style=\"letter-spacing: 0px;\">(Sie erhalten eine lange Liste von Artikeln zur Auswahl).<\/span><\/p>\n<p><!-- \/wp:paragraph --><\/p>\n<p><!-- wp:quote --><\/p>\n<blockquote>\n<p>Trip 1<\/p>\n<p>Typisches Amsterdam (ca. 2,5 Stunden)<br>Wir passieren das Rijksmuseum auf dem Weg zu den niedlichen, kleineren Grachten von Jordaan. Ganz nah dran am Amsterdamer Leben und unz\u00e4hligen malerischen Szenen (empfehlenswert, wenn Sie noch nie hier waren).<\/p>\n<\/blockquote>\n<p><!-- \/wp:paragraph --><\/p>\n<p><!-- wp:quote --><\/p>\n<blockquote>\n<p>Trip 2<\/p>\n<p>Das Gesamtbild (ca. 2,5-3 Stunden)<br>Erkunden Sie die weitereren Gew\u00e4sser hinter dem Hauptbahnhof und sehen Sie eventuelle dort liegende Kreuzfahrtschiffe. Verschaffen Sie sich einen besseren \u00dcberblick \u00fcber die Stadt (teilweise \u201crauhere See\u201d und empfehlenswert, wenn Sie bereits eine Bootstour in Amsterdam gemacht haben).<\/p>\n<\/blockquote>\n<p>Bequemlichkeit steht an erster Stelle, da wir Abhol- und Bringdienste direkt vor unserem BnB anbieten. Ob Sie es bevorzugen, zum Komfort unserer Haust\u00fcr zur\u00fcckzukehren oder im lebendigen Stadtzentrum oder an einem anderen Ort abgesetzt zu werden. Die Bootstouren sind nat\u00fcrlich wetterabh\u00e4ngig, aber wir sind sehr flexibel in Bezug auf ihre Stornierung oder Verschiebung von Datum und Uhrzeit.<\/p>\n<p><b><u>Preise (alles inkl.):<\/u><\/b><br><i>2 Personen: 275 Euro<br><span style=\"letter-spacing: 0px;\">3 Personen: 325 Euro<br>3+ Personen: 375 Euro<\/span><\/i><\/p>\n<p>Bereit, sich auf diese bemerkenswerte und romantische Reise in Amsterdam zu begeben? Kontaktieren Sie uns einfach, und wir geben Ihnen gerne weitere Details und arrangieren eine private Bootstour, die auf Ihre W\u00fcnsche zugeschnitten ist. Sie k\u00f6nnen die Bootstour auch einfach zu Ihrer Buchung hinzuf\u00fcgen.<\/p>\n<p><\/p>\n<p><!-- \/wp:paragraph --><\/p>\t\t\t\t\t\t\t\t<\/div>\n\t\t\t\t<\/div>\n\t\t\t\t\t<\/div>\n\t\t<\/div>\n\t\t\t\t\t<\/div>\n\t\t<\/section>\n\t\t\t\t<section class=\"elementor-section elementor-top-section elementor-element elementor-element-f53be5d elementor-section-boxed elementor-section-height-default elementor-section-height-default\" data-id=\"f53be5d\" data-element_type=\"section\" data-e-type=\"section\">\n\t\t\t\t\t\t<div class=\"elementor-container elementor-column-gap-default\">\n\t\t\t\t\t<div class=\"elementor-column elementor-col-100 elementor-top-column elementor-element elementor-element-38db2de\" data-id=\"38db2de\" data-element_type=\"column\" data-e-type=\"column\">\n\t\t\t<div class=\"elementor-widget-wrap elementor-element-populated\">\n\t\t\t\t\t\t<div class=\"elementor-element elementor-element-917f14b elementor-widget elementor-widget-kinsley-about-gallery\" data-id=\"917f14b\" data-element_type=\"widget\" data-e-type=\"widget\" data-widget_type=\"kinsley-about-gallery.default\">\n\t\t\t\t<div class=\"elementor-widget-container\">\n\t\t\t\t\t\n\t\t<!-- gallery -->\n\t  <section class=\"knsl-transition-bottom knsl-p-0-100\">\n    \t\n\t\t<div class=\"container\">        <div class=\"row align-items-center\">\n          \n                    <div class=\"col-lg-12\">\n\n            <!-- slider -->\n            <div class=\"swiper-container knsl-about-slider knsl-scroll-animation\">\n              <div class=\"swiper-wrapper\">\n                                <div class=\"swiper-slide\">\n\n                  <!-- gallery item -->\n                  <div class=\"knsl-image-frame\">\n                  \t                    \t\t\t\t\t<a data-elementor-lightbox-slideshow=\"about-gallery\" data-elementor-lightbox-title=\"\" href=\"https:\/\/www.canalviewstayamsterdam.com\/wp-content\/uploads\/2023\/06\/Canal_View_Stay_Amsterdam_Boat_Tour_1.jpg\">\n\t\t\t\t\t                      <img decoding=\"async\" src=\"https:\/\/www.canalviewstayamsterdam.com\/wp-content\/uploads\/2023\/06\/Canal_View_Stay_Amsterdam_Boat_Tour_1.jpg\" alt=\"\" \/>\n                                            <span class=\"knsl-zoom\"><i class=\"fas fa-search-plus\"><\/i><\/span>\n                    <\/a>\n                                      <\/div>\n                  <!-- gallery item end -->\n\n                <\/div>\n                                <div class=\"swiper-slide\">\n\n                  <!-- gallery item -->\n                  <div class=\"knsl-image-frame\">\n                  \t                    \t\t\t\t\t<a data-elementor-lightbox-slideshow=\"about-gallery\" data-elementor-lightbox-title=\"\" href=\"https:\/\/www.canalviewstayamsterdam.com\/wp-content\/uploads\/2023\/06\/Canal-View-Stay-Amsterdam-Boat-Tour-2.jpg\">\n\t\t\t\t\t                      <img decoding=\"async\" src=\"https:\/\/www.canalviewstayamsterdam.com\/wp-content\/uploads\/2023\/06\/Canal-View-Stay-Amsterdam-Boat-Tour-2.jpg\" alt=\"\" \/>\n                                            <span class=\"knsl-zoom\"><i class=\"fas fa-search-plus\"><\/i><\/span>\n                    <\/a>\n                                      <\/div>\n                  <!-- gallery item end -->\n\n                <\/div>\n                                <div class=\"swiper-slide\">\n\n                  <!-- gallery item -->\n                  <div class=\"knsl-image-frame\">\n                  \t                    \t\t\t\t\t<a data-elementor-lightbox-slideshow=\"about-gallery\" data-elementor-lightbox-title=\"\" href=\"https:\/\/www.canalviewstayamsterdam.com\/wp-content\/uploads\/2023\/06\/Canal-View-Stay-Amsterdam-Boat-Tour-4.jpg\">\n\t\t\t\t\t                      <img decoding=\"async\" src=\"https:\/\/www.canalviewstayamsterdam.com\/wp-content\/uploads\/2023\/06\/Canal-View-Stay-Amsterdam-Boat-Tour-4.jpg\" alt=\"\" \/>\n                                            <span class=\"knsl-zoom\"><i class=\"fas fa-search-plus\"><\/i><\/span>\n                    <\/a>\n                                      <\/div>\n                  <!-- gallery item end -->\n\n                <\/div>\n                                <div class=\"swiper-slide\">\n\n                  <!-- gallery item -->\n                  <div class=\"knsl-image-frame\">\n                  \t                    \t\t\t\t\t<a data-elementor-lightbox-slideshow=\"about-gallery\" data-elementor-lightbox-title=\"\" href=\"https:\/\/www.canalviewstayamsterdam.com\/wp-content\/uploads\/2023\/06\/Canal-View-Stay-Amsterdam-Boat-Tour-3.jpg\">\n\t\t\t\t\t                      <img decoding=\"async\" src=\"https:\/\/www.canalviewstayamsterdam.com\/wp-content\/uploads\/2023\/06\/Canal-View-Stay-Amsterdam-Boat-Tour-3.jpg\" alt=\"\" \/>\n                                            <span class=\"knsl-zoom\"><i class=\"fas fa-search-plus\"><\/i><\/span>\n                    <\/a>\n                                      <\/div>\n                  <!-- gallery item end -->\n\n                <\/div>\n                                <div class=\"swiper-slide\">\n\n                  <!-- gallery item -->\n                  <div class=\"knsl-image-frame\">\n                  \t                    \t\t\t\t\t<a data-elementor-lightbox-slideshow=\"about-gallery\" data-elementor-lightbox-title=\"\" href=\"https:\/\/www.canalviewstayamsterdam.com\/wp-content\/uploads\/2023\/06\/Canal_View_Stay_Amsterdam_Boat_Tour_5.jpg\">\n\t\t\t\t\t                      <img decoding=\"async\" src=\"https:\/\/www.canalviewstayamsterdam.com\/wp-content\/uploads\/2023\/06\/Canal_View_Stay_Amsterdam_Boat_Tour_5.jpg\" alt=\"\" \/>\n                                            <span class=\"knsl-zoom\"><i class=\"fas fa-search-plus\"><\/i><\/span>\n                    <\/a>\n                                      <\/div>\n                  <!-- gallery item end -->\n\n                <\/div>\n                                <div class=\"swiper-slide\">\n\n                  <!-- gallery item -->\n                  <div class=\"knsl-image-frame\">\n                  \t                    \t\t\t\t\t<a data-elementor-lightbox-slideshow=\"about-gallery\" data-elementor-lightbox-title=\"\" href=\"https:\/\/www.canalviewstayamsterdam.com\/wp-content\/uploads\/2023\/06\/Canal_View_Stay_Amsterdam_Boat_Tour_5.jpg\">\n\t\t\t\t\t                      <img decoding=\"async\" src=\"https:\/\/www.canalviewstayamsterdam.com\/wp-content\/uploads\/2023\/06\/Canal_View_Stay_Amsterdam_Boat_Tour_5.jpg\" alt=\"\" \/>\n                                            <span class=\"knsl-zoom\"><i class=\"fas fa-search-plus\"><\/i><\/span>\n                    <\/a>\n                                      <\/div>\n                  <!-- gallery item end -->\n\n                <\/div>\n                              <\/div>\n\n              <!-- slider navigation -->\n              <div class=\"knsl-slider-nav-panel\">\n                <!-- pagination -->\n                <div class=\"knsl-about-slider-1-pagination\"><\/div>\n                <!-- navigation -->\n                <div class=\"knsl-about-slider-nav\">\n                  <div class=\"knsl-about-slider-1-prev\"><i class=\"fas fa-arrow-left\"><\/i><\/div>\n                  <div class=\"knsl-about-slider-1-next\"><i class=\"fas fa-arrow-right\"><\/i><\/div>\n                <\/div>\n                <!-- navigation end -->\n              <\/div>\n              <!-- slider navigation end -->\n\n            <\/div>\n            <!-- slider end -->\n\n          <\/div>\n          \n        <\/div>\n\t\t<\/div>\n    <\/section>\n    <!-- gallery end -->\n\n\t\t\t\t\t\t<\/div>\n\t\t\t\t<\/div>\n\t\t\t\t<div class=\"elementor-element elementor-element-f0c990b elementor-widget elementor-widget-kinsley-features-inner\" data-id=\"f0c990b\" data-element_type=\"widget\" data-e-type=\"widget\" data-widget_type=\"kinsley-features-inner.default\">\n\t\t\t\t<div class=\"elementor-widget-container\">\n\t\t\t\t\t\n\t\t<!-- features -->\n    <section class=\"knsl-p-0-90\">\n      <div class=\"container\">\n        <div class=\"row\">\n\t\t\t\t\t          <div class=\"col-lg-12\">\n\n            <div class=\"knsl-center knsl-title-frame knsl-mb-100\">\n\t\t\t\t\t\t\t\t\t\t\t\t\t\t\t\t\t\t\t\t\t\t\t\t\t\t\t\t<a href=\"https:\/\/checkout.lodgify.com\/canal-view-stay-amsterdam\/en\/?currency=EUR#\/478015\" class=\"knsl-btn knsl-btn-md\">\n\t\t\t\t\t\t\t\t<span >\n\t\t\t\t\t\t\t\t\t\tBuchen Sie Ihren Aufenthalt\t\t\t\t\t\t\t\t<\/span>\n\t\t\t\t\t\t\t<\/a>\n\t\t\t\t\t\t\t            <\/div>\n\n          <\/div>\n\t\t\t\t\t\t\t\t\t\t        <\/div>\n      <\/div>\n    <\/section>\n    <!-- features end -->\n\n\t\t\t\t\t\t<\/div>\n\t\t\t\t<\/div>\n\t\t\t\t<div class=\"elementor-element elementor-element-a32cbb5 elementor-widget elementor-widget-html\" data-id=\"a32cbb5\" data-element_type=\"widget\" data-e-type=\"widget\" data-widget_type=\"html.default\">\n\t\t\t\t<div class=\"elementor-widget-container\">\n\t\t\t\t\t<script type=\"application\/javascript\" src=\"https:\/\/www.revyoos.com\/js\/widgetBuilder.js\" data-revyoos-widget='eyJwIjoiNjY3ZDdiZjBlNDhjZDM1MzU4MzIzMjJiIn0='><\/script>\t\t\t\t<\/div>\n\t\t\t\t<\/div>\n\t\t\t\t\t<\/div>\n\t\t<\/div>\n\t\t\t\t\t<\/div>\n\t\t<\/section>\n\t\t\t\t<\/div>","protected":false},"excerpt":{"rendered":"<p>Private Boat Tour Floating down Amsterdam\u2019s canals is one of the most memorable and romantic ways to discover the city&#8217;s&#8230; <span class=\"knsl-el-more\"><a href=\"https:\/\/www.canalviewstayamsterdam.com\/de\/private-boat-tour-amsterdam\/\" class=\"knsl-btn\">Read more<span class=\"screen-reader-text\">Read more&nbsp;Private Boat Tour<\/span><\/a><\/span><\/p>","protected":false},"author":1,"featured_media":0,"parent":0,"menu_order":0,"comment_status":"closed","ping_status":"closed","template":"template-layout-builder.php","meta":{"_monsterinsights_skip_tracking":false,"_monsterinsights_sitenote_active":false,"_monsterinsights_sitenote_note":"","_monsterinsights_sitenote_category":0,"footnotes":""},"class_list":["post-4683","page","type-page","status-publish","hentry"],"acf":[],"yoast_head":"<!-- This site is optimized with the Yoast SEO plugin v27.4 - https:\/\/yoast.com\/product\/yoast-seo-wordpress\/ -->\n<title>Private Boat Tour - Canal View Stay Amsterdam<\/title>\n<meta name=\"robots\" content=\"index, follow, max-snippet:-1, max-image-preview:large, max-video-preview:-1\" \/>\n<link rel=\"canonical\" href=\"https:\/\/www.canalviewstayamsterdam.com\/de\/private-bootsfahrt-amsterdam\/\" \/>\n<meta property=\"og:locale\" content=\"de_DE\" \/>\n<meta property=\"og:type\" content=\"article\" \/>\n<meta property=\"og:title\" content=\"Private Boat Tour - Canal View Stay Amsterdam\" \/>\n<meta property=\"og:description\" content=\"Private Boat Tour Floating down Amsterdam\u2019s canals is one of the most memorable and romantic ways to discover the city&#8217;s... Read moreRead more&nbsp;Private Boat Tour\" \/>\n<meta property=\"og:url\" content=\"https:\/\/www.canalviewstayamsterdam.com\/de\/private-bootsfahrt-amsterdam\/\" \/>\n<meta property=\"og:site_name\" content=\"Canal View Stay Amsterdam\" \/>\n<meta property=\"article:modified_time\" content=\"2025-08-14T16:27:50+00:00\" \/>\n<meta property=\"og:image\" content=\"https:\/\/www.canalviewstayamsterdam.com\/wp-content\/uploads\/2023\/06\/Canal_View_Stay_Amsterdam_Boat_Tour_1.jpg\" \/>\n<meta name=\"twitter:card\" content=\"summary_large_image\" \/>\n<meta name=\"twitter:label1\" content=\"Gesch\u00e4tzte Lesezeit\" \/>\n\t<meta name=\"twitter:data1\" content=\"3\u00a0Minuten\" \/>\n<script type=\"application\/ld+json\" class=\"yoast-schema-graph\">{\"@context\":\"https:\\\/\\\/schema.org\",\"@graph\":[{\"@type\":\"WebPage\",\"@id\":\"https:\\\/\\\/www.canalviewstayamsterdam.com\\\/private-boat-tour-amsterdam\\\/\",\"url\":\"https:\\\/\\\/www.canalviewstayamsterdam.com\\\/private-boat-tour-amsterdam\\\/\",\"name\":\"Private Boat Tour - Canal View Stay Amsterdam\",\"isPartOf\":{\"@id\":\"https:\\\/\\\/www.canalviewstayamsterdam.com\\\/#website\"},\"primaryImageOfPage\":{\"@id\":\"https:\\\/\\\/www.canalviewstayamsterdam.com\\\/private-boat-tour-amsterdam\\\/#primaryimage\"},\"image\":{\"@id\":\"https:\\\/\\\/www.canalviewstayamsterdam.com\\\/private-boat-tour-amsterdam\\\/#primaryimage\"},\"thumbnailUrl\":\"https:\\\/\\\/www.canalviewstayamsterdam.com\\\/wp-content\\\/uploads\\\/2023\\\/06\\\/Canal_View_Stay_Amsterdam_Boat_Tour_1.jpg\",\"datePublished\":\"2023-06-10T19:15:16+00:00\",\"dateModified\":\"2025-08-14T16:27:50+00:00\",\"breadcrumb\":{\"@id\":\"https:\\\/\\\/www.canalviewstayamsterdam.com\\\/private-boat-tour-amsterdam\\\/#breadcrumb\"},\"inLanguage\":\"de\",\"potentialAction\":[{\"@type\":\"ReadAction\",\"target\":[\"https:\\\/\\\/www.canalviewstayamsterdam.com\\\/private-boat-tour-amsterdam\\\/\"]}]},{\"@type\":\"ImageObject\",\"inLanguage\":\"de\",\"@id\":\"https:\\\/\\\/www.canalviewstayamsterdam.com\\\/private-boat-tour-amsterdam\\\/#primaryimage\",\"url\":\"https:\\\/\\\/www.canalviewstayamsterdam.com\\\/wp-content\\\/uploads\\\/2023\\\/06\\\/Canal_View_Stay_Amsterdam_Boat_Tour_1.jpg\",\"contentUrl\":\"https:\\\/\\\/www.canalviewstayamsterdam.com\\\/wp-content\\\/uploads\\\/2023\\\/06\\\/Canal_View_Stay_Amsterdam_Boat_Tour_1.jpg\"},{\"@type\":\"BreadcrumbList\",\"@id\":\"https:\\\/\\\/www.canalviewstayamsterdam.com\\\/private-boat-tour-amsterdam\\\/#breadcrumb\",\"itemListElement\":[{\"@type\":\"ListItem\",\"position\":1,\"name\":\"Home\",\"item\":\"https:\\\/\\\/www.canalviewstayamsterdam.com\\\/\"},{\"@type\":\"ListItem\",\"position\":2,\"name\":\"Private Boat Tour\"}]},{\"@type\":\"WebSite\",\"@id\":\"https:\\\/\\\/www.canalviewstayamsterdam.com\\\/#website\",\"url\":\"https:\\\/\\\/www.canalviewstayamsterdam.com\\\/\",\"name\":\"Canal View Stay Amsterdam\",\"description\":\"Unique City. Unique Stay.\",\"publisher\":{\"@id\":\"https:\\\/\\\/www.canalviewstayamsterdam.com\\\/#organization\"},\"potentialAction\":[{\"@type\":\"SearchAction\",\"target\":{\"@type\":\"EntryPoint\",\"urlTemplate\":\"https:\\\/\\\/www.canalviewstayamsterdam.com\\\/?s={search_term_string}\"},\"query-input\":{\"@type\":\"PropertyValueSpecification\",\"valueRequired\":true,\"valueName\":\"search_term_string\"}}],\"inLanguage\":\"de\"},{\"@type\":\"Organization\",\"@id\":\"https:\\\/\\\/www.canalviewstayamsterdam.com\\\/#organization\",\"name\":\"Canal View Stay Amsterdam\",\"url\":\"https:\\\/\\\/www.canalviewstayamsterdam.com\\\/\",\"logo\":{\"@type\":\"ImageObject\",\"inLanguage\":\"de\",\"@id\":\"https:\\\/\\\/www.canalviewstayamsterdam.com\\\/#\\\/schema\\\/logo\\\/image\\\/\",\"url\":\"https:\\\/\\\/www.canalviewstayamsterdam.com\\\/wp-content\\\/uploads\\\/2021\\\/11\\\/Canal-View-Stay-Amsterdam-Bed-and-Breakfast-Logo.png\",\"contentUrl\":\"https:\\\/\\\/www.canalviewstayamsterdam.com\\\/wp-content\\\/uploads\\\/2021\\\/11\\\/Canal-View-Stay-Amsterdam-Bed-and-Breakfast-Logo.png\",\"width\":400,\"height\":100,\"caption\":\"Canal View Stay Amsterdam\"},\"image\":{\"@id\":\"https:\\\/\\\/www.canalviewstayamsterdam.com\\\/#\\\/schema\\\/logo\\\/image\\\/\"},\"sameAs\":[\"https:\\\/\\\/www.instagram.com\\\/canalviewstayamsterdam\\\/?hl=en\"]}]}<\/script>\n<!-- \/ Yoast SEO plugin. -->","yoast_head_json":{"title":"Private Bootstour \u2013 Kanalblick-Aufenthalt Amsterdam","robots":{"index":"index","follow":"follow","max-snippet":"max-snippet:-1","max-image-preview":"max-image-preview:large","max-video-preview":"max-video-preview:-1"},"canonical":"https:\/\/www.canalviewstayamsterdam.com\/de\/private-bootsfahrt-amsterdam\/","og_locale":"de_DE","og_type":"article","og_title":"Private Boat Tour - Canal View Stay Amsterdam","og_description":"Private Boat Tour Floating down Amsterdam\u2019s canals is one of the most memorable and romantic ways to discover the city&#8217;s... Read moreRead more&nbsp;Private Boat Tour","og_url":"https:\/\/www.canalviewstayamsterdam.com\/de\/private-bootsfahrt-amsterdam\/","og_site_name":"Canal View Stay Amsterdam","article_modified_time":"2025-08-14T16:27:50+00:00","og_image":[{"url":"https:\/\/www.canalviewstayamsterdam.com\/wp-content\/uploads\/2023\/06\/Canal_View_Stay_Amsterdam_Boat_Tour_1.jpg","type":"","width":"","height":""}],"twitter_card":"summary_large_image","twitter_misc":{"Gesch\u00e4tzte Lesezeit":"3\u00a0Minuten"},"schema":{"@context":"https:\/\/schema.org","@graph":[{"@type":"WebPage","@id":"https:\/\/www.canalviewstayamsterdam.com\/private-boat-tour-amsterdam\/","url":"https:\/\/www.canalviewstayamsterdam.com\/private-boat-tour-amsterdam\/","name":"Private Bootstour \u2013 Kanalblick-Aufenthalt Amsterdam","isPartOf":{"@id":"https:\/\/www.canalviewstayamsterdam.com\/#website"},"primaryImageOfPage":{"@id":"https:\/\/www.canalviewstayamsterdam.com\/private-boat-tour-amsterdam\/#primaryimage"},"image":{"@id":"https:\/\/www.canalviewstayamsterdam.com\/private-boat-tour-amsterdam\/#primaryimage"},"thumbnailUrl":"https:\/\/www.canalviewstayamsterdam.com\/wp-content\/uploads\/2023\/06\/Canal_View_Stay_Amsterdam_Boat_Tour_1.jpg","datePublished":"2023-06-10T19:15:16+00:00","dateModified":"2025-08-14T16:27:50+00:00","breadcrumb":{"@id":"https:\/\/www.canalviewstayamsterdam.com\/private-boat-tour-amsterdam\/#breadcrumb"},"inLanguage":"de","potentialAction":[{"@type":"ReadAction","target":["https:\/\/www.canalviewstayamsterdam.com\/private-boat-tour-amsterdam\/"]}]},{"@type":"ImageObject","inLanguage":"de","@id":"https:\/\/www.canalviewstayamsterdam.com\/private-boat-tour-amsterdam\/#primaryimage","url":"https:\/\/www.canalviewstayamsterdam.com\/wp-content\/uploads\/2023\/06\/Canal_View_Stay_Amsterdam_Boat_Tour_1.jpg","contentUrl":"https:\/\/www.canalviewstayamsterdam.com\/wp-content\/uploads\/2023\/06\/Canal_View_Stay_Amsterdam_Boat_Tour_1.jpg"},{"@type":"BreadcrumbList","@id":"https:\/\/www.canalviewstayamsterdam.com\/private-boat-tour-amsterdam\/#breadcrumb","itemListElement":[{"@type":"ListItem","position":1,"name":"Home","item":"https:\/\/www.canalviewstayamsterdam.com\/"},{"@type":"ListItem","position":2,"name":"Private Boat Tour"}]},{"@type":"WebSite","@id":"https:\/\/www.canalviewstayamsterdam.com\/#website","url":"https:\/\/www.canalviewstayamsterdam.com\/","name":"Kanalblick Unterkunft Amsterdam","description":"Einzigartige Stadt. Einzigartiger Aufenthalt.","publisher":{"@id":"https:\/\/www.canalviewstayamsterdam.com\/#organization"},"potentialAction":[{"@type":"SearchAction","target":{"@type":"EntryPoint","urlTemplate":"https:\/\/www.canalviewstayamsterdam.com\/?s={search_term_string}"},"query-input":{"@type":"PropertyValueSpecification","valueRequired":true,"valueName":"search_term_string"}}],"inLanguage":"de"},{"@type":"Organization","@id":"https:\/\/www.canalviewstayamsterdam.com\/#organization","name":"Kanalblick Unterkunft Amsterdam","url":"https:\/\/www.canalviewstayamsterdam.com\/","logo":{"@type":"ImageObject","inLanguage":"de","@id":"https:\/\/www.canalviewstayamsterdam.com\/#\/schema\/logo\/image\/","url":"https:\/\/www.canalviewstayamsterdam.com\/wp-content\/uploads\/2021\/11\/Canal-View-Stay-Amsterdam-Bed-and-Breakfast-Logo.png","contentUrl":"https:\/\/www.canalviewstayamsterdam.com\/wp-content\/uploads\/2021\/11\/Canal-View-Stay-Amsterdam-Bed-and-Breakfast-Logo.png","width":400,"height":100,"caption":"Canal View Stay Amsterdam"},"image":{"@id":"https:\/\/www.canalviewstayamsterdam.com\/#\/schema\/logo\/image\/"},"sameAs":["https:\/\/www.instagram.com\/canalviewstayamsterdam\/?hl=en"]}]}},"_links":{"self":[{"href":"https:\/\/www.canalviewstayamsterdam.com\/de\/wp-json\/wp\/v2\/pages\/4683","targetHints":{"allow":["GET"]}}],"collection":[{"href":"https:\/\/www.canalviewstayamsterdam.com\/de\/wp-json\/wp\/v2\/pages"}],"about":[{"href":"https:\/\/www.canalviewstayamsterdam.com\/de\/wp-json\/wp\/v2\/types\/page"}],"author":[{"embeddable":true,"href":"https:\/\/www.canalviewstayamsterdam.com\/de\/wp-json\/wp\/v2\/users\/1"}],"replies":[{"embeddable":true,"href":"https:\/\/www.canalviewstayamsterdam.com\/de\/wp-json\/wp\/v2\/comments?post=4683"}],"version-history":[{"count":56,"href":"https:\/\/www.canalviewstayamsterdam.com\/de\/wp-json\/wp\/v2\/pages\/4683\/revisions"}],"predecessor-version":[{"id":5759,"href":"https:\/\/www.canalviewstayamsterdam.com\/de\/wp-json\/wp\/v2\/pages\/4683\/revisions\/5759"}],"wp:attachment":[{"href":"https:\/\/www.canalviewstayamsterdam.com\/de\/wp-json\/wp\/v2\/media?parent=4683"}],"curies":[{"name":"wp","href":"https:\/\/api.w.org\/{rel}","templated":true}]}}