{"id":620,"date":"2021-12-12T23:28:38","date_gmt":"2021-12-12T23:28:38","guid":{"rendered":"https:\/\/bslthemes.com\/kinsley\/?page_id=620"},"modified":"2024-06-27T15:33:39","modified_gmt":"2024-06-27T15:33:39","slug":"heinrich-der-reiher","status":"publish","type":"page","link":"https:\/\/www.canalviewstayamsterdam.com\/de\/henry-the-heron\/","title":{"rendered":"Heinrich der Reiher"},"content":{"rendered":"<div data-elementor-type=\"wp-page\" data-elementor-id=\"620\" class=\"elementor elementor-620\">\n\t\t\t\t\t\t<section class=\"elementor-section elementor-top-section elementor-element elementor-element-bc1ac1a elementor-section-full_width elementor-section-height-default elementor-section-height-default\" data-id=\"bc1ac1a\" data-element_type=\"section\" data-e-type=\"section\" data-settings=\"{&quot;background_background&quot;:&quot;classic&quot;}\">\n\t\t\t\t\t\t\t<div class=\"elementor-background-overlay\"><\/div>\n\t\t\t\t\t\t\t<div class=\"elementor-container elementor-column-gap-no\">\n\t\t\t\t\t<div class=\"elementor-column elementor-col-100 elementor-top-column elementor-element elementor-element-9d6466a\" data-id=\"9d6466a\" data-element_type=\"column\" data-e-type=\"column\">\n\t\t\t<div class=\"elementor-widget-wrap elementor-element-populated\">\n\t\t\t\t\t\t<div class=\"elementor-element elementor-element-52b55ae elementor-widget elementor-widget-kinsley-intro\" data-id=\"52b55ae\" data-element_type=\"widget\" data-e-type=\"widget\" data-widget_type=\"kinsley-intro.default\">\n\t\t\t\t<div class=\"elementor-widget-container\">\n\t\t\t\t\t\n    <!-- banner -->\n    <section class=\"knsl-banner-simple knsl-transition-bottom knsl-banner-white\">\n      \n\t  \n      <div class=\"container\">\n        <div class=\"row\">\n          <div class=\"col-lg-12\">\n\n            <div class=\"knsl-center knsl-title-frame\">\n                            <h1 class=\"knsl-title--h knsl-mb-20 knsl-h1-inner\">\n                <span >\n                    Henry Der Reiher                <\/span>\n              <\/h1>\n                            \n              \n            <\/div>\n\n          <\/div>\n        <\/div>\n      <\/div>\n    <\/section>\n    <!-- banner end -->\n\n\t\t\t\t\t\t<\/div>\n\t\t\t\t<\/div>\n\t\t\t\t\t<\/div>\n\t\t<\/div>\n\t\t\t\t\t<\/div>\n\t\t<\/section>\n\t\t\t\t<section class=\"elementor-section elementor-top-section elementor-element elementor-element-4ad5085 elementor-section-boxed elementor-section-height-default elementor-section-height-default\" data-id=\"4ad5085\" data-element_type=\"section\" data-e-type=\"section\">\n\t\t\t\t\t\t<div class=\"elementor-container elementor-column-gap-default\">\n\t\t\t\t\t<div class=\"elementor-column elementor-col-100 elementor-top-column elementor-element elementor-element-1c73b43\" data-id=\"1c73b43\" data-element_type=\"column\" data-e-type=\"column\">\n\t\t\t<div class=\"elementor-widget-wrap elementor-element-populated\">\n\t\t\t\t\t\t<div class=\"elementor-element elementor-element-41d78a2 elementor-widget__width-initial elementor-widget elementor-widget-text-editor\" data-id=\"41d78a2\" data-element_type=\"widget\" data-e-type=\"widget\" data-widget_type=\"text-editor.default\">\n\t\t\t\t<div class=\"elementor-widget-container\">\n\t\t\t\t\t\t\t\t\t<p><\/p>\n<p>Lernen Sie Henry kennen, unseren geliebten Bewohner und die gefiederte Ber\u00fchmtheit der Nachbarschaft, der wir seit erstaunlichen 13 Jahren die Ehre geben, unsere Adresse zu bewohnen. Gef\u00fcttert und gepflegt wird er von unserer freundlichen Nachbarin Karen, die gemeinsam mit ihrem Mann Paul das BnB \u201cBed &amp; Breakfast Amsterdam\u201d nebenan betreibt (<a href=\"https:\/\/www.bedandbreakfastamsterdam.net\" target=\"_blank\" rel=\"noopener\">Hier ist ein Link zu ihrer Website!<\/a>).<br \/>Wegen Karen beginnt Henry jeden Tag mit einem frischen Fischfr\u00fchst\u00fcck. Man findet ihn oft auf dem B\u00fcrgersteig auf und ab stolzieren oder anmutig auf einem nahegelegenen Auto oder einer Stra\u00dfenlaterne kauern, direkt in Sichtweite unseres Fensters. Manchmal nimmt er sich sogar einen Moment Zeit, um sich auf dem Balkon darunter auszuruhen und zu verdauen, was einen seltenen und intimen Einblick in seine majest\u00e4tische Pr\u00e4senz gew\u00e4hrt.<\/p>\n<p><\/p>\n<p><\/p>\n<blockquote class=\"wp-block-quote is-layout-flow wp-block-quote-is-layout-flow\">\n<p>Die Stra\u00dfen Amsterdams geh\u00f6ren ihnen \u2013 den majest\u00e4tischen Graureihern! Mit einer beeindruckenden Fl\u00fcgelspannweite von 175-195 cm und einem Gewicht von 1-2 kg haben sich diese anpassungsf\u00e4higen V\u00f6gel nahtlos ans Stadtleben angepasst und fesseln uns mit ihrer Pr\u00e4senz. Rund 5000 von ihnen durchstreifen das Gebiet von Amsterdam!<\/p>\n<\/blockquote>\n<p><img fetchpriority=\"high\" decoding=\"async\" class=\"alignnone wp-image-5125 size-large\" src=\"https:\/\/canalviewstayamsterdam.com\/wp-content\/uploads\/2023\/07\/Heron-Autumn-Cropped-2-1-1-1024x549.jpg\" alt=\"\" width=\"900\" height=\"483\" srcset=\"https:\/\/www.canalviewstayamsterdam.com\/wp-content\/uploads\/2023\/07\/Heron-Autumn-Cropped-2-1-1-1024x549.jpg 1024w, https:\/\/www.canalviewstayamsterdam.com\/wp-content\/uploads\/2023\/07\/Heron-Autumn-Cropped-2-1-1-300x161.jpg 300w, https:\/\/www.canalviewstayamsterdam.com\/wp-content\/uploads\/2023\/07\/Heron-Autumn-Cropped-2-1-1-768x412.jpg 768w, https:\/\/www.canalviewstayamsterdam.com\/wp-content\/uploads\/2023\/07\/Heron-Autumn-Cropped-2-1-1-950x509.jpg 950w, https:\/\/www.canalviewstayamsterdam.com\/wp-content\/uploads\/2023\/07\/Heron-Autumn-Cropped-2-1-1.jpg 1500w\" sizes=\"(max-width: 900px) 100vw, 900px\" \/><\/p>\n<p>\u00a0<\/p>\n<p>\u00a0<\/p>\n<p>Karen und Henry sind sogar im BBC Earth Dokumentarfilm \u201cKoexistenz \u2013 Begegnung mit den Reihern von Amsterdam\u201d zu sehen \u2013 schauen Sie sich das Video unten an!<\/p>\n<p>Mit seiner eindrucksvollen Eleganz und seiner N\u00e4he ist Henry zu einer gesch\u00e4tzten Ikone in unserer Gemeinde geworden. Er zieht sowohl Einheimische als auch Besucher an, die sich jeden Morgen versammeln, um seine Sch\u00f6nheit auf Fotos und Videos einzufangen oder einfach nur in seiner gelassenen Aura zu schwelgen. Machen Sie sich also bereit, vom einzigartigen Charme von Henry, dem bemerkenswerten Reiher, der zu einem integralen Bestandteil unserer geliebten Nachbarschaft geworden ist, gefesselt zu werden.<\/p>\n<p>\u00a0<\/p>\n<p>\u00a0<\/p>\n<p><iframe title=\"Treffen Sie die Reiher von Amsterdam | Koexistenz | BBC Earth\" width=\"900\" height=\"506\" src=\"https:\/\/www.youtube.com\/embed\/I7exHcylJ5w?feature=oembed\" frameborder=\"0\" allow=\"accelerometer; autoplay; clipboard-write; encrypted-media; gyroscope; picture-in-picture; web-share\" allowfullscreen><\/iframe><\/p>\n<p><\/p>\t\t\t\t\t\t\t\t<\/div>\n\t\t\t\t<\/div>\n\t\t\t\t<div class=\"elementor-element elementor-element-5c7aab8 elementor-widget elementor-widget-kinsley-features-inner\" data-id=\"5c7aab8\" data-element_type=\"widget\" data-e-type=\"widget\" data-widget_type=\"kinsley-features-inner.default\">\n\t\t\t\t<div class=\"elementor-widget-container\">\n\t\t\t\t\t\n\t\t<!-- features -->\n    <section class=\"knsl-p-0-90\">\n      <div class=\"container\">\n        <div class=\"row\">\n\t\t\t\t\t          <div class=\"col-lg-12\">\n\n            <div class=\"knsl-center knsl-title-frame knsl-mb-100\">\n\t\t\t\t\t\t\t\t\t\t\t\t\t\t\t\t\t\t\t\t\t\t\t\t\t\t\t\t<a href=\"https:\/\/checkout.lodgify.com\/canal-view-stay-amsterdam\/en\/?currency=EUR#\/478015\" class=\"knsl-btn knsl-btn-md\">\n\t\t\t\t\t\t\t\t<span >\n\t\t\t\t\t\t\t\t\t\tBuchen Sie Ihren Aufenthalt\t\t\t\t\t\t\t\t<\/span>\n\t\t\t\t\t\t\t<\/a>\n\t\t\t\t\t\t\t            <\/div>\n\n          <\/div>\n\t\t\t\t\t\t\t\t\t\t        <\/div>\n      <\/div>\n    <\/section>\n    <!-- features end -->\n\n\t\t\t\t\t\t<\/div>\n\t\t\t\t<\/div>\n\t\t\t\t<div class=\"elementor-element elementor-element-693ee34 elementor-widget elementor-widget-html\" data-id=\"693ee34\" data-element_type=\"widget\" data-e-type=\"widget\" data-widget_type=\"html.default\">\n\t\t\t\t<div class=\"elementor-widget-container\">\n\t\t\t\t\t<script type=\"application\/javascript\" src=\"https:\/\/www.revyoos.com\/js\/widgetBuilder.js\" data-revyoos-widget='eyJwIjoiNjY3ZDdiZjBlNDhjZDM1MzU4MzIzMjJiIn0='><\/script>\t\t\t\t<\/div>\n\t\t\t\t<\/div>\n\t\t\t\t\t<\/div>\n\t\t<\/div>\n\t\t\t\t\t<\/div>\n\t\t<\/section>\n\t\t\t\t<\/div>","protected":false},"excerpt":{"rendered":"<p>Henry The heron Meet Henry, our beloved resident and the neighborhood&#8217;s feathered celebrity, who has graced our address for an&#8230; <span class=\"knsl-el-more\"><a href=\"https:\/\/www.canalviewstayamsterdam.com\/de\/henry-the-heron\/\" class=\"knsl-btn\">Read more<span class=\"screen-reader-text\">Read more&nbsp;Henry The Heron<\/span><\/a><\/span><\/p>","protected":false},"author":1,"featured_media":0,"parent":0,"menu_order":0,"comment_status":"closed","ping_status":"closed","template":"template-layout-builder.php","meta":{"_monsterinsights_skip_tracking":false,"_monsterinsights_sitenote_active":false,"_monsterinsights_sitenote_note":"","_monsterinsights_sitenote_category":0,"footnotes":""},"class_list":["post-620","page","type-page","status-publish","hentry"],"acf":[],"yoast_head":"<!-- This site is optimized with the Yoast SEO plugin v27.4 - https:\/\/yoast.com\/product\/yoast-seo-wordpress\/ -->\n<title>Henry The Heron - Unique Experience - Canal View Stay Amsterdam<\/title>\n<meta name=\"description\" content=\"Meet Henry, our beloved resident and the neighborhood\u2019s feathered celebrity, who has graced our address for an astounding 13 years!\" \/>\n<meta name=\"robots\" content=\"index, follow, max-snippet:-1, max-image-preview:large, max-video-preview:-1\" \/>\n<link rel=\"canonical\" href=\"https:\/\/www.canalviewstayamsterdam.com\/de\/heinrich-der-reiher\/\" \/>\n<meta property=\"og:locale\" content=\"de_DE\" \/>\n<meta property=\"og:type\" content=\"article\" \/>\n<meta property=\"og:title\" content=\"Henry The Heron - Unique Experience - Canal View Stay Amsterdam\" \/>\n<meta property=\"og:description\" content=\"Meet Henry, our beloved resident and the neighborhood\u2019s feathered celebrity, who has graced our address for an astounding 13 years!\" \/>\n<meta property=\"og:url\" content=\"https:\/\/www.canalviewstayamsterdam.com\/de\/heinrich-der-reiher\/\" \/>\n<meta property=\"og:site_name\" content=\"Canal View Stay Amsterdam\" \/>\n<meta property=\"article:modified_time\" content=\"2024-06-27T15:33:39+00:00\" \/>\n<meta property=\"og:image\" content=\"https:\/\/canalviewstayamsterdam.com\/wp-content\/uploads\/2023\/07\/Heron-Autumn-Cropped-2-1-1-1024x549.jpg\" \/>\n<meta name=\"twitter:card\" content=\"summary_large_image\" \/>\n<script type=\"application\/ld+json\" class=\"yoast-schema-graph\">{\"@context\":\"https:\\\/\\\/schema.org\",\"@graph\":[{\"@type\":\"WebPage\",\"@id\":\"https:\\\/\\\/www.canalviewstayamsterdam.com\\\/henry-the-heron\\\/\",\"url\":\"https:\\\/\\\/www.canalviewstayamsterdam.com\\\/henry-the-heron\\\/\",\"name\":\"Henry The Heron - Unique Experience - Canal View Stay Amsterdam\",\"isPartOf\":{\"@id\":\"https:\\\/\\\/www.canalviewstayamsterdam.com\\\/#website\"},\"primaryImageOfPage\":{\"@id\":\"https:\\\/\\\/www.canalviewstayamsterdam.com\\\/henry-the-heron\\\/#primaryimage\"},\"image\":{\"@id\":\"https:\\\/\\\/www.canalviewstayamsterdam.com\\\/henry-the-heron\\\/#primaryimage\"},\"thumbnailUrl\":\"https:\\\/\\\/canalviewstayamsterdam.com\\\/wp-content\\\/uploads\\\/2023\\\/07\\\/Heron-Autumn-Cropped-2-1-1-1024x549.jpg\",\"datePublished\":\"2021-12-12T23:28:38+00:00\",\"dateModified\":\"2024-06-27T15:33:39+00:00\",\"description\":\"Meet Henry, our beloved resident and the neighborhood\u2019s feathered celebrity, who has graced our address for an astounding 13 years!\",\"breadcrumb\":{\"@id\":\"https:\\\/\\\/www.canalviewstayamsterdam.com\\\/henry-the-heron\\\/#breadcrumb\"},\"inLanguage\":\"de\",\"potentialAction\":[{\"@type\":\"ReadAction\",\"target\":[\"https:\\\/\\\/www.canalviewstayamsterdam.com\\\/henry-the-heron\\\/\"]}]},{\"@type\":\"ImageObject\",\"inLanguage\":\"de\",\"@id\":\"https:\\\/\\\/www.canalviewstayamsterdam.com\\\/henry-the-heron\\\/#primaryimage\",\"url\":\"https:\\\/\\\/canalviewstayamsterdam.com\\\/wp-content\\\/uploads\\\/2023\\\/07\\\/Heron-Autumn-Cropped-2-1-1-1024x549.jpg\",\"contentUrl\":\"https:\\\/\\\/canalviewstayamsterdam.com\\\/wp-content\\\/uploads\\\/2023\\\/07\\\/Heron-Autumn-Cropped-2-1-1-1024x549.jpg\"},{\"@type\":\"BreadcrumbList\",\"@id\":\"https:\\\/\\\/www.canalviewstayamsterdam.com\\\/henry-the-heron\\\/#breadcrumb\",\"itemListElement\":[{\"@type\":\"ListItem\",\"position\":1,\"name\":\"Home\",\"item\":\"https:\\\/\\\/www.canalviewstayamsterdam.com\\\/\"},{\"@type\":\"ListItem\",\"position\":2,\"name\":\"Henry The Heron\"}]},{\"@type\":\"WebSite\",\"@id\":\"https:\\\/\\\/www.canalviewstayamsterdam.com\\\/#website\",\"url\":\"https:\\\/\\\/www.canalviewstayamsterdam.com\\\/\",\"name\":\"Canal View Stay Amsterdam\",\"description\":\"Unique City. Unique Stay.\",\"publisher\":{\"@id\":\"https:\\\/\\\/www.canalviewstayamsterdam.com\\\/#organization\"},\"potentialAction\":[{\"@type\":\"SearchAction\",\"target\":{\"@type\":\"EntryPoint\",\"urlTemplate\":\"https:\\\/\\\/www.canalviewstayamsterdam.com\\\/?s={search_term_string}\"},\"query-input\":{\"@type\":\"PropertyValueSpecification\",\"valueRequired\":true,\"valueName\":\"search_term_string\"}}],\"inLanguage\":\"de\"},{\"@type\":\"Organization\",\"@id\":\"https:\\\/\\\/www.canalviewstayamsterdam.com\\\/#organization\",\"name\":\"Canal View Stay Amsterdam\",\"url\":\"https:\\\/\\\/www.canalviewstayamsterdam.com\\\/\",\"logo\":{\"@type\":\"ImageObject\",\"inLanguage\":\"de\",\"@id\":\"https:\\\/\\\/www.canalviewstayamsterdam.com\\\/#\\\/schema\\\/logo\\\/image\\\/\",\"url\":\"https:\\\/\\\/www.canalviewstayamsterdam.com\\\/wp-content\\\/uploads\\\/2021\\\/11\\\/Canal-View-Stay-Amsterdam-Bed-and-Breakfast-Logo.png\",\"contentUrl\":\"https:\\\/\\\/www.canalviewstayamsterdam.com\\\/wp-content\\\/uploads\\\/2021\\\/11\\\/Canal-View-Stay-Amsterdam-Bed-and-Breakfast-Logo.png\",\"width\":400,\"height\":100,\"caption\":\"Canal View Stay Amsterdam\"},\"image\":{\"@id\":\"https:\\\/\\\/www.canalviewstayamsterdam.com\\\/#\\\/schema\\\/logo\\\/image\\\/\"},\"sameAs\":[\"https:\\\/\\\/www.instagram.com\\\/canalviewstayamsterdam\\\/?hl=en\"]}]}<\/script>\n<!-- \/ Yoast SEO plugin. -->","yoast_head_json":{"title":"Henry The Heron - Einzigartiges Erlebnis - Unterkunft mit Kanalblick Amsterdam","description":"Lernen Sie Henry kennen, unseren geliebten Bewohner und den gefiederten Star der Nachbarschaft, der unserer Adresse seit erstaunlichen 13 Jahren die Ehre erweist!","robots":{"index":"index","follow":"follow","max-snippet":"max-snippet:-1","max-image-preview":"max-image-preview:large","max-video-preview":"max-video-preview:-1"},"canonical":"https:\/\/www.canalviewstayamsterdam.com\/de\/heinrich-der-reiher\/","og_locale":"de_DE","og_type":"article","og_title":"Henry The Heron - Unique Experience - Canal View Stay Amsterdam","og_description":"Meet Henry, our beloved resident and the neighborhood\u2019s feathered celebrity, who has graced our address for an astounding 13 years!","og_url":"https:\/\/www.canalviewstayamsterdam.com\/de\/heinrich-der-reiher\/","og_site_name":"Canal View Stay Amsterdam","article_modified_time":"2024-06-27T15:33:39+00:00","og_image":[{"url":"https:\/\/canalviewstayamsterdam.com\/wp-content\/uploads\/2023\/07\/Heron-Autumn-Cropped-2-1-1-1024x549.jpg","type":"","width":"","height":""}],"twitter_card":"summary_large_image","schema":{"@context":"https:\/\/schema.org","@graph":[{"@type":"WebPage","@id":"https:\/\/www.canalviewstayamsterdam.com\/henry-the-heron\/","url":"https:\/\/www.canalviewstayamsterdam.com\/henry-the-heron\/","name":"Henry The Heron - Einzigartiges Erlebnis - Unterkunft mit Kanalblick Amsterdam","isPartOf":{"@id":"https:\/\/www.canalviewstayamsterdam.com\/#website"},"primaryImageOfPage":{"@id":"https:\/\/www.canalviewstayamsterdam.com\/henry-the-heron\/#primaryimage"},"image":{"@id":"https:\/\/www.canalviewstayamsterdam.com\/henry-the-heron\/#primaryimage"},"thumbnailUrl":"https:\/\/canalviewstayamsterdam.com\/wp-content\/uploads\/2023\/07\/Heron-Autumn-Cropped-2-1-1-1024x549.jpg","datePublished":"2021-12-12T23:28:38+00:00","dateModified":"2024-06-27T15:33:39+00:00","description":"Lernen Sie Henry kennen, unseren geliebten Bewohner und den gefiederten Star der Nachbarschaft, der unserer Adresse seit erstaunlichen 13 Jahren die Ehre erweist!","breadcrumb":{"@id":"https:\/\/www.canalviewstayamsterdam.com\/henry-the-heron\/#breadcrumb"},"inLanguage":"de","potentialAction":[{"@type":"ReadAction","target":["https:\/\/www.canalviewstayamsterdam.com\/henry-the-heron\/"]}]},{"@type":"ImageObject","inLanguage":"de","@id":"https:\/\/www.canalviewstayamsterdam.com\/henry-the-heron\/#primaryimage","url":"https:\/\/canalviewstayamsterdam.com\/wp-content\/uploads\/2023\/07\/Heron-Autumn-Cropped-2-1-1-1024x549.jpg","contentUrl":"https:\/\/canalviewstayamsterdam.com\/wp-content\/uploads\/2023\/07\/Heron-Autumn-Cropped-2-1-1-1024x549.jpg"},{"@type":"BreadcrumbList","@id":"https:\/\/www.canalviewstayamsterdam.com\/henry-the-heron\/#breadcrumb","itemListElement":[{"@type":"ListItem","position":1,"name":"Home","item":"https:\/\/www.canalviewstayamsterdam.com\/"},{"@type":"ListItem","position":2,"name":"Henry The Heron"}]},{"@type":"WebSite","@id":"https:\/\/www.canalviewstayamsterdam.com\/#website","url":"https:\/\/www.canalviewstayamsterdam.com\/","name":"Kanalblick Unterkunft Amsterdam","description":"Einzigartige Stadt. Einzigartiger Aufenthalt.","publisher":{"@id":"https:\/\/www.canalviewstayamsterdam.com\/#organization"},"potentialAction":[{"@type":"SearchAction","target":{"@type":"EntryPoint","urlTemplate":"https:\/\/www.canalviewstayamsterdam.com\/?s={search_term_string}"},"query-input":{"@type":"PropertyValueSpecification","valueRequired":true,"valueName":"search_term_string"}}],"inLanguage":"de"},{"@type":"Organization","@id":"https:\/\/www.canalviewstayamsterdam.com\/#organization","name":"Kanalblick Unterkunft Amsterdam","url":"https:\/\/www.canalviewstayamsterdam.com\/","logo":{"@type":"ImageObject","inLanguage":"de","@id":"https:\/\/www.canalviewstayamsterdam.com\/#\/schema\/logo\/image\/","url":"https:\/\/www.canalviewstayamsterdam.com\/wp-content\/uploads\/2021\/11\/Canal-View-Stay-Amsterdam-Bed-and-Breakfast-Logo.png","contentUrl":"https:\/\/www.canalviewstayamsterdam.com\/wp-content\/uploads\/2021\/11\/Canal-View-Stay-Amsterdam-Bed-and-Breakfast-Logo.png","width":400,"height":100,"caption":"Canal View Stay Amsterdam"},"image":{"@id":"https:\/\/www.canalviewstayamsterdam.com\/#\/schema\/logo\/image\/"},"sameAs":["https:\/\/www.instagram.com\/canalviewstayamsterdam\/?hl=en"]}]}},"_links":{"self":[{"href":"https:\/\/www.canalviewstayamsterdam.com\/de\/wp-json\/wp\/v2\/pages\/620","targetHints":{"allow":["GET"]}}],"collection":[{"href":"https:\/\/www.canalviewstayamsterdam.com\/de\/wp-json\/wp\/v2\/pages"}],"about":[{"href":"https:\/\/www.canalviewstayamsterdam.com\/de\/wp-json\/wp\/v2\/types\/page"}],"author":[{"embeddable":true,"href":"https:\/\/www.canalviewstayamsterdam.com\/de\/wp-json\/wp\/v2\/users\/1"}],"replies":[{"embeddable":true,"href":"https:\/\/www.canalviewstayamsterdam.com\/de\/wp-json\/wp\/v2\/comments?post=620"}],"version-history":[{"count":107,"href":"https:\/\/www.canalviewstayamsterdam.com\/de\/wp-json\/wp\/v2\/pages\/620\/revisions"}],"predecessor-version":[{"id":5650,"href":"https:\/\/www.canalviewstayamsterdam.com\/de\/wp-json\/wp\/v2\/pages\/620\/revisions\/5650"}],"wp:attachment":[{"href":"https:\/\/www.canalviewstayamsterdam.com\/de\/wp-json\/wp\/v2\/media?parent=620"}],"curies":[{"name":"wp","href":"https:\/\/api.w.org\/{rel}","templated":true}]}}