{"id":620,"date":"2021-12-12T23:28:38","date_gmt":"2021-12-12T23:28:38","guid":{"rendered":"https:\/\/bslthemes.com\/kinsley\/?page_id=620"},"modified":"2024-06-27T15:33:39","modified_gmt":"2024-06-27T15:33:39","slug":"henry-the-heron","status":"publish","type":"page","link":"https:\/\/www.canalviewstayamsterdam.com\/es\/henry-the-heron\/","title":{"rendered":"Henry El Garza"},"content":{"rendered":"<div data-elementor-type=\"wp-page\" data-elementor-id=\"620\" class=\"elementor elementor-620\">\n\t\t\t\t\t\t<section class=\"elementor-section elementor-top-section elementor-element elementor-element-bc1ac1a elementor-section-full_width elementor-section-height-default elementor-section-height-default\" data-id=\"bc1ac1a\" data-element_type=\"section\" data-e-type=\"section\" data-settings=\"{&quot;background_background&quot;:&quot;classic&quot;}\">\n\t\t\t\t\t\t\t<div class=\"elementor-background-overlay\"><\/div>\n\t\t\t\t\t\t\t<div class=\"elementor-container elementor-column-gap-no\">\n\t\t\t\t\t<div class=\"elementor-column elementor-col-100 elementor-top-column elementor-element elementor-element-9d6466a\" data-id=\"9d6466a\" data-element_type=\"column\" data-e-type=\"column\">\n\t\t\t<div class=\"elementor-widget-wrap elementor-element-populated\">\n\t\t\t\t\t\t<div class=\"elementor-element elementor-element-52b55ae elementor-widget elementor-widget-kinsley-intro\" data-id=\"52b55ae\" data-element_type=\"widget\" data-e-type=\"widget\" data-widget_type=\"kinsley-intro.default\">\n\t\t\t\t<div class=\"elementor-widget-container\">\n\t\t\t\t\t\n    <!-- banner -->\n    <section class=\"knsl-banner-simple knsl-transition-bottom knsl-banner-white\">\n      \n\t  \n      <div class=\"container\">\n        <div class=\"row\">\n          <div class=\"col-lg-12\">\n\n            <div class=\"knsl-center knsl-title-frame\">\n                            <h1 class=\"knsl-title--h knsl-mb-20 knsl-h1-inner\">\n                <span >\n                    Enrique el garz\u00f3n                <\/span>\n              <\/h1>\n                            \n              \n            <\/div>\n\n          <\/div>\n        <\/div>\n      <\/div>\n    <\/section>\n    <!-- banner end -->\n\n\t\t\t\t\t\t<\/div>\n\t\t\t\t<\/div>\n\t\t\t\t\t<\/div>\n\t\t<\/div>\n\t\t\t\t\t<\/div>\n\t\t<\/section>\n\t\t\t\t<section class=\"elementor-section elementor-top-section elementor-element elementor-element-4ad5085 elementor-section-boxed elementor-section-height-default elementor-section-height-default\" data-id=\"4ad5085\" data-element_type=\"section\" data-e-type=\"section\">\n\t\t\t\t\t\t<div class=\"elementor-container elementor-column-gap-default\">\n\t\t\t\t\t<div class=\"elementor-column elementor-col-100 elementor-top-column elementor-element elementor-element-1c73b43\" data-id=\"1c73b43\" data-element_type=\"column\" data-e-type=\"column\">\n\t\t\t<div class=\"elementor-widget-wrap elementor-element-populated\">\n\t\t\t\t\t\t<div class=\"elementor-element elementor-element-41d78a2 elementor-widget__width-initial elementor-widget elementor-widget-text-editor\" data-id=\"41d78a2\" data-element_type=\"widget\" data-e-type=\"widget\" data-widget_type=\"text-editor.default\">\n\t\t\t\t<div class=\"elementor-widget-container\">\n\t\t\t\t\t\t\t\t\t<p><\/p>\n<p>Conozcan a Henry, nuestro querido residente y la celebridad emplumada del vecindario, que ha adornado nuestra direcci\u00f3n durante unos asombrosos 13 a\u00f1os. Alimentado y cuidado por nuestra amable vecina, Karen, quien dirige el \u201cBed &amp; Breakfast Amsterdam\u201d junto a su esposo Paul (<a href=\"https:\/\/www.bedandbreakfastamsterdam.net\" target=\"_blank\" rel=\"noopener\">\u00a1Aqu\u00ed tienes un enlace a su sitio web!<\/a>).<br \/>Debido a Karen, Henry comienza cada d\u00eda con un desayuno de pescado fresco. A menudo lo encontrar\u00e1s pavone\u00e1ndose por la acera o posado con gracia en un coche o farola cercana, justo a la vista de nuestra ventana. A veces, incluso se toma un momento para relajarse y digerir en el balc\u00f3n de abajo, ofreciendo una visi\u00f3n rara e \u00edntima de su majestuosa presencia.<\/p>\n<p><\/p>\n<p><\/p>\n<blockquote class=\"wp-block-quote is-layout-flow wp-block-quote-is-layout-flow\">\n<p>Las calles de \u00c1msterdam les pertenecen a ellos: \u00a1las magn\u00edficas garzas reales! Con una impresionante envergadura de 175-195 cm y un peso de 1-2 kg, estas aves adaptables han adoptado sin problemas la vida urbana, cautivando nuestra atenci\u00f3n con su presencia. \u00a1Alrededor de 5.000 de ellas deambulan por la zona de \u00c1msterdam!<\/p>\n<\/blockquote>\n<p><img fetchpriority=\"high\" decoding=\"async\" class=\"alignnone wp-image-5125 size-large\" src=\"https:\/\/canalviewstayamsterdam.com\/wp-content\/uploads\/2023\/07\/Heron-Autumn-Cropped-2-1-1-1024x549.jpg\" alt=\"\" width=\"900\" height=\"483\" srcset=\"https:\/\/www.canalviewstayamsterdam.com\/wp-content\/uploads\/2023\/07\/Heron-Autumn-Cropped-2-1-1-1024x549.jpg 1024w, https:\/\/www.canalviewstayamsterdam.com\/wp-content\/uploads\/2023\/07\/Heron-Autumn-Cropped-2-1-1-300x161.jpg 300w, https:\/\/www.canalviewstayamsterdam.com\/wp-content\/uploads\/2023\/07\/Heron-Autumn-Cropped-2-1-1-768x412.jpg 768w, https:\/\/www.canalviewstayamsterdam.com\/wp-content\/uploads\/2023\/07\/Heron-Autumn-Cropped-2-1-1-950x509.jpg 950w, https:\/\/www.canalviewstayamsterdam.com\/wp-content\/uploads\/2023\/07\/Heron-Autumn-Cropped-2-1-1.jpg 1500w\" sizes=\"(max-width: 900px) 100vw, 900px\" \/><\/p>\n<p>\u00a0<\/p>\n<p>\u00a0<\/p>\n<p>Karen y Henry incluso aparecen en el documental de BBC Earth \u201cCoexistance \u2013 Meet the Herons of Amsterdam\u201d \u2013 \u00a1mira el video a continuaci\u00f3n!<\/p>\n<p>Con su elegante presencia y cercan\u00eda, Henry se ha convertido en un \u00edcono apreciado en nuestra comunidad, atrayendo la atenci\u00f3n tanto de locales como de visitantes que se re\u00fanen cada ma\u00f1ana para capturar su belleza a trav\u00e9s de fotos y videos o simplemente para disfrutar de su serena aura. As\u00ed que, prep\u00e1rense para ser cautivados por el encanto \u00fanico de Henry, el notable mart\u00edn pescador que se ha convertido en una parte integral de nuestro querido vecindario.<\/p>\n<p>\u00a0<\/p>\n<p>\u00a0<\/p>\n<p><iframe title=\"Conoce a las garzas de \u00c1msterdam | Convivencia | BBC Earth\" width=\"900\" height=\"506\" src=\"https:\/\/www.youtube.com\/embed\/I7exHcylJ5w?feature=oembed\" frameborder=\"0\" allow=\"accelerometer; autoplay; clipboard-write; encrypted-media; gyroscope; picture-in-picture; web-share\" allowfullscreen><\/iframe><\/p>\n<p><\/p>\t\t\t\t\t\t\t\t<\/div>\n\t\t\t\t<\/div>\n\t\t\t\t<div class=\"elementor-element elementor-element-5c7aab8 elementor-widget elementor-widget-kinsley-features-inner\" data-id=\"5c7aab8\" data-element_type=\"widget\" data-e-type=\"widget\" data-widget_type=\"kinsley-features-inner.default\">\n\t\t\t\t<div class=\"elementor-widget-container\">\n\t\t\t\t\t\n\t\t<!-- features -->\n    <section class=\"knsl-p-0-90\">\n      <div class=\"container\">\n        <div class=\"row\">\n\t\t\t\t\t          <div class=\"col-lg-12\">\n\n            <div class=\"knsl-center knsl-title-frame knsl-mb-100\">\n\t\t\t\t\t\t\t\t\t\t\t\t\t\t\t\t\t\t\t\t\t\t\t\t\t\t\t\t<a href=\"https:\/\/checkout.lodgify.com\/canal-view-stay-amsterdam\/en\/?currency=EUR#\/478015\" class=\"knsl-btn knsl-btn-md\">\n\t\t\t\t\t\t\t\t<span >\n\t\t\t\t\t\t\t\t\t\treserva tu estancia\t\t\t\t\t\t\t\t<\/span>\n\t\t\t\t\t\t\t<\/a>\n\t\t\t\t\t\t\t            <\/div>\n\n          <\/div>\n\t\t\t\t\t\t\t\t\t\t        <\/div>\n      <\/div>\n    <\/section>\n    <!-- features end -->\n\n\t\t\t\t\t\t<\/div>\n\t\t\t\t<\/div>\n\t\t\t\t<div class=\"elementor-element elementor-element-693ee34 elementor-widget elementor-widget-html\" data-id=\"693ee34\" data-element_type=\"widget\" data-e-type=\"widget\" data-widget_type=\"html.default\">\n\t\t\t\t<div class=\"elementor-widget-container\">\n\t\t\t\t\t<script type=\"application\/javascript\" src=\"https:\/\/www.revyoos.com\/js\/widgetBuilder.js\" data-revyoos-widget='eyJwIjoiNjY3ZDdiZjBlNDhjZDM1MzU4MzIzMjJiIn0='><\/script>\t\t\t\t<\/div>\n\t\t\t\t<\/div>\n\t\t\t\t\t<\/div>\n\t\t<\/div>\n\t\t\t\t\t<\/div>\n\t\t<\/section>\n\t\t\t\t<\/div>","protected":false},"excerpt":{"rendered":"<p>Henry The heron Meet Henry, our beloved resident and the neighborhood&#8217;s feathered celebrity, who has graced our address for an&#8230; <span class=\"knsl-el-more\"><a href=\"https:\/\/www.canalviewstayamsterdam.com\/es\/henry-the-heron\/\" class=\"knsl-btn\">Read more<span class=\"screen-reader-text\">Read more&nbsp;Henry The Heron<\/span><\/a><\/span><\/p>","protected":false},"author":1,"featured_media":0,"parent":0,"menu_order":0,"comment_status":"closed","ping_status":"closed","template":"template-layout-builder.php","meta":{"_monsterinsights_skip_tracking":false,"_monsterinsights_sitenote_active":false,"_monsterinsights_sitenote_note":"","_monsterinsights_sitenote_category":0,"footnotes":""},"class_list":["post-620","page","type-page","status-publish","hentry"],"acf":[],"yoast_head":"<!-- This site is optimized with the Yoast SEO plugin v27.4 - https:\/\/yoast.com\/product\/yoast-seo-wordpress\/ -->\n<title>Henry The Heron - Unique Experience - Canal View Stay Amsterdam<\/title>\n<meta name=\"description\" content=\"Meet Henry, our beloved resident and the neighborhood\u2019s feathered celebrity, who has graced our address for an astounding 13 years!\" \/>\n<meta name=\"robots\" content=\"index, follow, max-snippet:-1, max-image-preview:large, max-video-preview:-1\" \/>\n<link rel=\"canonical\" href=\"https:\/\/www.canalviewstayamsterdam.com\/es\/henry-the-heron\/\" \/>\n<meta property=\"og:locale\" content=\"es_ES\" \/>\n<meta property=\"og:type\" content=\"article\" \/>\n<meta property=\"og:title\" content=\"Henry The Heron - Unique Experience - Canal View Stay Amsterdam\" \/>\n<meta property=\"og:description\" content=\"Meet Henry, our beloved resident and the neighborhood\u2019s feathered celebrity, who has graced our address for an astounding 13 years!\" \/>\n<meta property=\"og:url\" content=\"https:\/\/www.canalviewstayamsterdam.com\/es\/henry-the-heron\/\" \/>\n<meta property=\"og:site_name\" content=\"Canal View Stay Amsterdam\" \/>\n<meta property=\"article:modified_time\" content=\"2024-06-27T15:33:39+00:00\" \/>\n<meta property=\"og:image\" content=\"https:\/\/canalviewstayamsterdam.com\/wp-content\/uploads\/2023\/07\/Heron-Autumn-Cropped-2-1-1-1024x549.jpg\" \/>\n<meta name=\"twitter:card\" content=\"summary_large_image\" \/>\n<script type=\"application\/ld+json\" class=\"yoast-schema-graph\">{\"@context\":\"https:\\\/\\\/schema.org\",\"@graph\":[{\"@type\":\"WebPage\",\"@id\":\"https:\\\/\\\/www.canalviewstayamsterdam.com\\\/henry-the-heron\\\/\",\"url\":\"https:\\\/\\\/www.canalviewstayamsterdam.com\\\/henry-the-heron\\\/\",\"name\":\"Henry The Heron - Unique Experience - Canal View Stay Amsterdam\",\"isPartOf\":{\"@id\":\"https:\\\/\\\/www.canalviewstayamsterdam.com\\\/#website\"},\"primaryImageOfPage\":{\"@id\":\"https:\\\/\\\/www.canalviewstayamsterdam.com\\\/henry-the-heron\\\/#primaryimage\"},\"image\":{\"@id\":\"https:\\\/\\\/www.canalviewstayamsterdam.com\\\/henry-the-heron\\\/#primaryimage\"},\"thumbnailUrl\":\"https:\\\/\\\/canalviewstayamsterdam.com\\\/wp-content\\\/uploads\\\/2023\\\/07\\\/Heron-Autumn-Cropped-2-1-1-1024x549.jpg\",\"datePublished\":\"2021-12-12T23:28:38+00:00\",\"dateModified\":\"2024-06-27T15:33:39+00:00\",\"description\":\"Meet Henry, our beloved resident and the neighborhood\u2019s feathered celebrity, who has graced our address for an astounding 13 years!\",\"breadcrumb\":{\"@id\":\"https:\\\/\\\/www.canalviewstayamsterdam.com\\\/henry-the-heron\\\/#breadcrumb\"},\"inLanguage\":\"es\",\"potentialAction\":[{\"@type\":\"ReadAction\",\"target\":[\"https:\\\/\\\/www.canalviewstayamsterdam.com\\\/henry-the-heron\\\/\"]}]},{\"@type\":\"ImageObject\",\"inLanguage\":\"es\",\"@id\":\"https:\\\/\\\/www.canalviewstayamsterdam.com\\\/henry-the-heron\\\/#primaryimage\",\"url\":\"https:\\\/\\\/canalviewstayamsterdam.com\\\/wp-content\\\/uploads\\\/2023\\\/07\\\/Heron-Autumn-Cropped-2-1-1-1024x549.jpg\",\"contentUrl\":\"https:\\\/\\\/canalviewstayamsterdam.com\\\/wp-content\\\/uploads\\\/2023\\\/07\\\/Heron-Autumn-Cropped-2-1-1-1024x549.jpg\"},{\"@type\":\"BreadcrumbList\",\"@id\":\"https:\\\/\\\/www.canalviewstayamsterdam.com\\\/henry-the-heron\\\/#breadcrumb\",\"itemListElement\":[{\"@type\":\"ListItem\",\"position\":1,\"name\":\"Home\",\"item\":\"https:\\\/\\\/www.canalviewstayamsterdam.com\\\/\"},{\"@type\":\"ListItem\",\"position\":2,\"name\":\"Henry The Heron\"}]},{\"@type\":\"WebSite\",\"@id\":\"https:\\\/\\\/www.canalviewstayamsterdam.com\\\/#website\",\"url\":\"https:\\\/\\\/www.canalviewstayamsterdam.com\\\/\",\"name\":\"Canal View Stay Amsterdam\",\"description\":\"Unique City. Unique Stay.\",\"publisher\":{\"@id\":\"https:\\\/\\\/www.canalviewstayamsterdam.com\\\/#organization\"},\"potentialAction\":[{\"@type\":\"SearchAction\",\"target\":{\"@type\":\"EntryPoint\",\"urlTemplate\":\"https:\\\/\\\/www.canalviewstayamsterdam.com\\\/?s={search_term_string}\"},\"query-input\":{\"@type\":\"PropertyValueSpecification\",\"valueRequired\":true,\"valueName\":\"search_term_string\"}}],\"inLanguage\":\"es\"},{\"@type\":\"Organization\",\"@id\":\"https:\\\/\\\/www.canalviewstayamsterdam.com\\\/#organization\",\"name\":\"Canal View Stay Amsterdam\",\"url\":\"https:\\\/\\\/www.canalviewstayamsterdam.com\\\/\",\"logo\":{\"@type\":\"ImageObject\",\"inLanguage\":\"es\",\"@id\":\"https:\\\/\\\/www.canalviewstayamsterdam.com\\\/#\\\/schema\\\/logo\\\/image\\\/\",\"url\":\"https:\\\/\\\/www.canalviewstayamsterdam.com\\\/wp-content\\\/uploads\\\/2021\\\/11\\\/Canal-View-Stay-Amsterdam-Bed-and-Breakfast-Logo.png\",\"contentUrl\":\"https:\\\/\\\/www.canalviewstayamsterdam.com\\\/wp-content\\\/uploads\\\/2021\\\/11\\\/Canal-View-Stay-Amsterdam-Bed-and-Breakfast-Logo.png\",\"width\":400,\"height\":100,\"caption\":\"Canal View Stay Amsterdam\"},\"image\":{\"@id\":\"https:\\\/\\\/www.canalviewstayamsterdam.com\\\/#\\\/schema\\\/logo\\\/image\\\/\"},\"sameAs\":[\"https:\\\/\\\/www.instagram.com\\\/canalviewstayamsterdam\\\/?hl=en\"]}]}<\/script>\n<!-- \/ Yoast SEO plugin. -->","yoast_head_json":{"title":"Henry The Heron - Experiencia \u00danica - Estancia con Vista al Canal \u00c1msterdam","description":"Conozcan a Henry, nuestro querido residente y la celebridad emplumada del vecindario, \u00a1quien ha engalanado nuestra direcci\u00f3n por la asombrosa cantidad de 13 a\u00f1os!","robots":{"index":"index","follow":"follow","max-snippet":"max-snippet:-1","max-image-preview":"max-image-preview:large","max-video-preview":"max-video-preview:-1"},"canonical":"https:\/\/www.canalviewstayamsterdam.com\/es\/henry-the-heron\/","og_locale":"es_ES","og_type":"article","og_title":"Henry The Heron - Unique Experience - Canal View Stay Amsterdam","og_description":"Meet Henry, our beloved resident and the neighborhood\u2019s feathered celebrity, who has graced our address for an astounding 13 years!","og_url":"https:\/\/www.canalviewstayamsterdam.com\/es\/henry-the-heron\/","og_site_name":"Canal View Stay Amsterdam","article_modified_time":"2024-06-27T15:33:39+00:00","og_image":[{"url":"https:\/\/canalviewstayamsterdam.com\/wp-content\/uploads\/2023\/07\/Heron-Autumn-Cropped-2-1-1-1024x549.jpg","type":"","width":"","height":""}],"twitter_card":"summary_large_image","schema":{"@context":"https:\/\/schema.org","@graph":[{"@type":"WebPage","@id":"https:\/\/www.canalviewstayamsterdam.com\/henry-the-heron\/","url":"https:\/\/www.canalviewstayamsterdam.com\/henry-the-heron\/","name":"Henry The Heron - Experiencia \u00danica - Estancia con Vista al Canal \u00c1msterdam","isPartOf":{"@id":"https:\/\/www.canalviewstayamsterdam.com\/#website"},"primaryImageOfPage":{"@id":"https:\/\/www.canalviewstayamsterdam.com\/henry-the-heron\/#primaryimage"},"image":{"@id":"https:\/\/www.canalviewstayamsterdam.com\/henry-the-heron\/#primaryimage"},"thumbnailUrl":"https:\/\/canalviewstayamsterdam.com\/wp-content\/uploads\/2023\/07\/Heron-Autumn-Cropped-2-1-1-1024x549.jpg","datePublished":"2021-12-12T23:28:38+00:00","dateModified":"2024-06-27T15:33:39+00:00","description":"Conozcan a Henry, nuestro querido residente y la celebridad emplumada del vecindario, \u00a1quien ha engalanado nuestra direcci\u00f3n por la asombrosa cantidad de 13 a\u00f1os!","breadcrumb":{"@id":"https:\/\/www.canalviewstayamsterdam.com\/henry-the-heron\/#breadcrumb"},"inLanguage":"es","potentialAction":[{"@type":"ReadAction","target":["https:\/\/www.canalviewstayamsterdam.com\/henry-the-heron\/"]}]},{"@type":"ImageObject","inLanguage":"es","@id":"https:\/\/www.canalviewstayamsterdam.com\/henry-the-heron\/#primaryimage","url":"https:\/\/canalviewstayamsterdam.com\/wp-content\/uploads\/2023\/07\/Heron-Autumn-Cropped-2-1-1-1024x549.jpg","contentUrl":"https:\/\/canalviewstayamsterdam.com\/wp-content\/uploads\/2023\/07\/Heron-Autumn-Cropped-2-1-1-1024x549.jpg"},{"@type":"BreadcrumbList","@id":"https:\/\/www.canalviewstayamsterdam.com\/henry-the-heron\/#breadcrumb","itemListElement":[{"@type":"ListItem","position":1,"name":"Home","item":"https:\/\/www.canalviewstayamsterdam.com\/"},{"@type":"ListItem","position":2,"name":"Henry The Heron"}]},{"@type":"WebSite","@id":"https:\/\/www.canalviewstayamsterdam.com\/#website","url":"https:\/\/www.canalviewstayamsterdam.com\/","name":"Canal View Stay \u00c1msterdam","description":"Ciudad \u00fanica. Estancia \u00fanica.","publisher":{"@id":"https:\/\/www.canalviewstayamsterdam.com\/#organization"},"potentialAction":[{"@type":"SearchAction","target":{"@type":"EntryPoint","urlTemplate":"https:\/\/www.canalviewstayamsterdam.com\/?s={search_term_string}"},"query-input":{"@type":"PropertyValueSpecification","valueRequired":true,"valueName":"search_term_string"}}],"inLanguage":"es"},{"@type":"Organization","@id":"https:\/\/www.canalviewstayamsterdam.com\/#organization","name":"Canal View Stay \u00c1msterdam","url":"https:\/\/www.canalviewstayamsterdam.com\/","logo":{"@type":"ImageObject","inLanguage":"es","@id":"https:\/\/www.canalviewstayamsterdam.com\/#\/schema\/logo\/image\/","url":"https:\/\/www.canalviewstayamsterdam.com\/wp-content\/uploads\/2021\/11\/Canal-View-Stay-Amsterdam-Bed-and-Breakfast-Logo.png","contentUrl":"https:\/\/www.canalviewstayamsterdam.com\/wp-content\/uploads\/2021\/11\/Canal-View-Stay-Amsterdam-Bed-and-Breakfast-Logo.png","width":400,"height":100,"caption":"Canal View Stay Amsterdam"},"image":{"@id":"https:\/\/www.canalviewstayamsterdam.com\/#\/schema\/logo\/image\/"},"sameAs":["https:\/\/www.instagram.com\/canalviewstayamsterdam\/?hl=en"]}]}},"_links":{"self":[{"href":"https:\/\/www.canalviewstayamsterdam.com\/es\/wp-json\/wp\/v2\/pages\/620","targetHints":{"allow":["GET"]}}],"collection":[{"href":"https:\/\/www.canalviewstayamsterdam.com\/es\/wp-json\/wp\/v2\/pages"}],"about":[{"href":"https:\/\/www.canalviewstayamsterdam.com\/es\/wp-json\/wp\/v2\/types\/page"}],"author":[{"embeddable":true,"href":"https:\/\/www.canalviewstayamsterdam.com\/es\/wp-json\/wp\/v2\/users\/1"}],"replies":[{"embeddable":true,"href":"https:\/\/www.canalviewstayamsterdam.com\/es\/wp-json\/wp\/v2\/comments?post=620"}],"version-history":[{"count":107,"href":"https:\/\/www.canalviewstayamsterdam.com\/es\/wp-json\/wp\/v2\/pages\/620\/revisions"}],"predecessor-version":[{"id":5650,"href":"https:\/\/www.canalviewstayamsterdam.com\/es\/wp-json\/wp\/v2\/pages\/620\/revisions\/5650"}],"wp:attachment":[{"href":"https:\/\/www.canalviewstayamsterdam.com\/es\/wp-json\/wp\/v2\/media?parent=620"}],"curies":[{"name":"wp","href":"https:\/\/api.w.org\/{rel}","templated":true}]}}