{"id":352,"date":"2021-12-11T02:09:37","date_gmt":"2021-12-11T02:09:37","guid":{"rendered":"https:\/\/bslthemes.com\/kinsley\/?page_id=352"},"modified":"2024-07-20T08:18:49","modified_gmt":"2024-07-20T08:18:49","slug":"contact","status":"publish","type":"page","link":"https:\/\/www.canalviewstayamsterdam.com\/fr\/contact\/","title":{"rendered":"Contact"},"content":{"rendered":"<div data-elementor-type=\"wp-page\" data-elementor-id=\"352\" class=\"elementor elementor-352\">\n\t\t\t\t\t\t<section class=\"elementor-section elementor-top-section elementor-element elementor-element-1bc559b elementor-section-full_width elementor-section-height-default elementor-section-height-default\" data-id=\"1bc559b\" data-element_type=\"section\" data-e-type=\"section\" data-settings=\"{&quot;background_background&quot;:&quot;classic&quot;}\">\n\t\t\t\t\t\t\t<div class=\"elementor-background-overlay\"><\/div>\n\t\t\t\t\t\t\t<div class=\"elementor-container elementor-column-gap-no\">\n\t\t\t\t\t<div class=\"elementor-column elementor-col-100 elementor-top-column elementor-element elementor-element-7434790\" data-id=\"7434790\" data-element_type=\"column\" data-e-type=\"column\">\n\t\t\t<div class=\"elementor-widget-wrap elementor-element-populated\">\n\t\t\t\t\t\t<div class=\"elementor-element elementor-element-687d6a0 elementor-widget elementor-widget-kinsley-intro\" data-id=\"687d6a0\" data-element_type=\"widget\" data-e-type=\"widget\" data-widget_type=\"kinsley-intro.default\">\n\t\t\t\t<div class=\"elementor-widget-container\">\n\t\t\t\t\t\n    <!-- banner -->\n    <section class=\"knsl-banner-simple knsl-transition-bottom knsl-banner-white\">\n      \n\t  \n      <div class=\"container\">\n        <div class=\"row\">\n          <div class=\"col-lg-12\">\n\n            <div class=\"knsl-center knsl-title-frame\">\n                            <h1 class=\"knsl-title--h knsl-mb-20 knsl-h1-inner\">\n                <span >\n                    Contact                <\/span>\n              <\/h1>\n                            \n              \n            <\/div>\n\n          <\/div>\n        <\/div>\n      <\/div>\n    <\/section>\n    <!-- banner end -->\n\n\t\t\t\t\t\t<\/div>\n\t\t\t\t<\/div>\n\t\t\t\t\t<\/div>\n\t\t<\/div>\n\t\t\t\t\t<\/div>\n\t\t<\/section>\n\t\t\t\t<section class=\"elementor-section elementor-top-section elementor-element elementor-element-750c0b1 elementor-section-full_width elementor-section-height-default elementor-section-height-default\" data-id=\"750c0b1\" data-element_type=\"section\" data-e-type=\"section\">\n\t\t\t\t\t\t<div class=\"elementor-container elementor-column-gap-no\">\n\t\t\t\t\t<div class=\"elementor-column elementor-col-100 elementor-top-column elementor-element elementor-element-871006b\" data-id=\"871006b\" data-element_type=\"column\" data-e-type=\"column\">\n\t\t\t<div class=\"elementor-widget-wrap elementor-element-populated\">\n\t\t\t\t\t\t<div class=\"elementor-element elementor-element-f8d5e96 elementor-widget elementor-widget-kinsley-contact-info\" data-id=\"f8d5e96\" data-element_type=\"widget\" data-e-type=\"widget\" data-widget_type=\"kinsley-contact-info.default\">\n\t\t\t\t<div class=\"elementor-widget-container\">\n\t\t\t\t\t\n\t\t<!-- contact -->\n    <section>\n\n      <div id=\"knsl-triger-1\"><\/div>\n\n      <div class=\"container\">\n\n        <!-- features card -->\n        <div class=\"knsl-features-card\">\n\t\t\t\t\t          <div class=\"row\">\n\t\t\t\t\t\t            <div class=\"col-12 col-lg-4\">\n\n              <!-- icon box -->\n              <div class=\"knsl-icon-box\">\n\t\t\t\t\t\t\t\t                <img decoding=\"async\" src=\"https:\/\/www.canalviewstayamsterdam.com\/wp-content\/uploads\/2021\/12\/f-9.png\" alt=\"ic\u00f4ne\" class=\"knsl-mb-10\" \/>\n\t\t\t\t\t\t\t\t\t\t\t\t\t\t\t\t                <h5 class=\"knsl-mb-10\">\n\t\t\t\t\t\t\t\t\t<span >\n\t\t\t\t\t\t\t\t\t\tAdresse\t\t\t\t\t\t\t\t\t<\/span>\n\t\t\t\t\t\t\t\t<\/h5>\n\t\t\t\t\t\t\t\t\t\t\t\t\t\t\t\t                <p>\n\t\t\t\t\t\t\t\t\t<span >\n\t\t\t\t\t\t\t\t\t\tSloterkade 64, 1058HH Amsterdam\t\t\t\t\t\t\t\t\t<\/span>\n\t\t\t\t\t\t\t\t<\/p>\n\t\t\t\t\t\t\t\t              <\/div>\n              <!-- icon box end -->\n\n            <\/div>\n\t\t\t\t\t\t            <div class=\"col-12 col-lg-4\">\n\n              <!-- icon box -->\n              <div class=\"knsl-icon-box\">\n\t\t\t\t\t\t\t\t                <img decoding=\"async\" src=\"https:\/\/www.canalviewstayamsterdam.com\/wp-content\/uploads\/2021\/12\/f-10.png\" alt=\"ic\u00f4ne\" class=\"knsl-mb-10\" \/>\n\t\t\t\t\t\t\t\t\t\t\t\t\t\t\t\t                <h5 class=\"knsl-mb-10\">\n\t\t\t\t\t\t\t\t\t<span >\n\t\t\t\t\t\t\t\t\t\tT\u00e9l\u00e9phone\t\t\t\t\t\t\t\t\t<\/span>\n\t\t\t\t\t\t\t\t<\/h5>\n\t\t\t\t\t\t\t\t\t\t\t\t\t\t\t\t                <p>\n\t\t\t\t\t\t\t\t\t<span >\n\t\t\t\t\t\t\t\t\t\t+31 630694531\t\t\t\t\t\t\t\t\t<\/span>\n\t\t\t\t\t\t\t\t<\/p>\n\t\t\t\t\t\t\t\t              <\/div>\n              <!-- icon box end -->\n\n            <\/div>\n\t\t\t\t\t\t            <div class=\"col-12 col-lg-4\">\n\n              <!-- icon box -->\n              <div class=\"knsl-icon-box\">\n\t\t\t\t\t\t\t\t                <img decoding=\"async\" src=\"https:\/\/www.canalviewstayamsterdam.com\/wp-content\/uploads\/2021\/12\/f-11.png\" alt=\"ic\u00f4ne\" class=\"knsl-mb-10\" \/>\n\t\t\t\t\t\t\t\t\t\t\t\t\t\t\t\t                <h5 class=\"knsl-mb-10\">\n\t\t\t\t\t\t\t\t\t<span >\n\t\t\t\t\t\t\t\t\t\tCourriel\t\t\t\t\t\t\t\t\t<\/span>\n\t\t\t\t\t\t\t\t<\/h5>\n\t\t\t\t\t\t\t\t\t\t\t\t\t\t\t\t                <p>\n\t\t\t\t\t\t\t\t\t<span >\n\t\t\t\t\t\t\t\t\t\treservations@canalviewstayamsterdam.com\t\t\t\t\t\t\t\t\t<\/span>\n\t\t\t\t\t\t\t\t<\/p>\n\t\t\t\t\t\t\t\t              <\/div>\n              <!-- icon box end -->\n\n            <\/div>\n\t\t\t\t\t\t          <\/div>\n\t\t\t\t\t        <\/div>\n        <!-- contact end -->\n\n      <\/div>\n    <\/section>\n\n\t\t\t\t\t\t<\/div>\n\t\t\t\t<\/div>\n\t\t\t\t\t<\/div>\n\t\t<\/div>\n\t\t\t\t\t<\/div>\n\t\t<\/section>\n\t\t\t\t<section class=\"elementor-section elementor-top-section elementor-element elementor-element-304871b elementor-section-full_width elementor-section-height-default elementor-section-height-default\" data-id=\"304871b\" data-element_type=\"section\" data-e-type=\"section\">\n\t\t\t\t\t\t<div class=\"elementor-container elementor-column-gap-no\">\n\t\t\t\t\t<div class=\"elementor-column elementor-col-100 elementor-top-column elementor-element elementor-element-4ada694\" data-id=\"4ada694\" data-element_type=\"column\" data-e-type=\"column\">\n\t\t\t<div class=\"elementor-widget-wrap elementor-element-populated\">\n\t\t\t\t\t\t<div class=\"elementor-element elementor-element-e986a20 elementor-widget elementor-widget-kinsley-contact-form\" data-id=\"e986a20\" data-element_type=\"widget\" data-e-type=\"widget\" data-widget_type=\"kinsley-contact-form.default\">\n\t\t\t\t<div class=\"elementor-widget-container\">\n\t\t\t\t\t\n    <section class=\"knsl-transition-none knsl-p-0-100\">\n      \n      <div class=\"container\">\n        <div class=\"row\">\n                    <div class=\"col-lg-12\">\n            <div class=\"knsl-center knsl-title-frame knsl-scroll-animation knsl-mb-100\">\n                            <h2 class=\"knsl-title--h knsl-mb-20\">\n                <span >\n                    Contactez-nous !                <\/span>\n              <\/h2>\n                                          <p class=\"knsl-text knsl-mb-30\">\n                <span >\n                    N'h\u00e9sitez pas \u00e0 nous contacter, nous vous r\u00e9pondrons dans les 12 heures.                <\/span>\n              <\/p>\n                                        <\/div>\n          <\/div>\n                              <div class=\"col-lg-12\">\n            <div class=\"knsl-scroll-animation-default\">\n              \n<div class=\"wpcf7 no-js\" id=\"wpcf7-f384-o1\" lang=\"en-US\" dir=\"ltr\" data-wpcf7-id=\"384\">\n<div class=\"screen-reader-response\"><p role=\"status\" aria-live=\"polite\" aria-atomic=\"true\"><\/p> <ul><\/ul><\/div>\n<form action=\"\/fr\/wp-json\/wp\/v2\/pages\/352#wpcf7-f384-o1\" method=\"post\" class=\"wpcf7-form init\" aria-label=\"Contact form\" novalidate=\"novalidate\" data-status=\"init\" data-trp-original-action=\"\/fr\/wp-json\/wp\/v2\/pages\/352#wpcf7-f384-o1\">\n<fieldset class=\"hidden-fields-container\"><input type=\"hidden\" name=\"_wpcf7\" value=\"384\" \/><input type=\"hidden\" name=\"_wpcf7_version\" value=\"6.1.5\" \/><input type=\"hidden\" name=\"_wpcf7_locale\" value=\"en_US\" \/><input type=\"hidden\" name=\"_wpcf7_unit_tag\" value=\"wpcf7-f384-o1\" \/><input type=\"hidden\" name=\"_wpcf7_container_post\" value=\"0\" \/><input type=\"hidden\" name=\"_wpcf7_posted_data_hash\" value=\"\" \/>\n<\/fieldset>\n<div class=\"row\">\n  <div class=\"col-lg-6\">\n    <span class=\"wpcf7-form-control-wrap\" data-name=\"cf-name\"><input size=\"40\" maxlength=\"400\" class=\"wpcf7-form-control wpcf7-text wpcf7-validates-as-required\" aria-required=\"true\" aria-invalid=\"false\" placeholder=\"Nom\" value=\"\" type=\"text\" name=\"cf-name\" \/><\/span>\n  <\/div>\n  <div class=\"col-lg-6\">\n    <span class=\"wpcf7-form-control-wrap\" data-name=\"cf-email\"><input size=\"40\" maxlength=\"400\" class=\"wpcf7-form-control wpcf7-email wpcf7-validates-as-required wpcf7-text wpcf7-validates-as-email\" aria-required=\"true\" aria-invalid=\"false\" placeholder=\"Courriel\" value=\"\" type=\"email\" name=\"cf-email\" \/><\/span>\n  <\/div>\n  <div class=\"col-lg-12\">\n    <span class=\"wpcf7-form-control-wrap\" data-name=\"cf-message\"><textarea cols=\"40\" rows=\"10\" maxlength=\"2000\" class=\"wpcf7-form-control wpcf7-textarea\" aria-invalid=\"false\" placeholder=\"Message\" name=\"cf-message\"><\/textarea><\/span>\n  <\/div>\n  <div class=\"col-lg-12\">\n    <div class=\"knsl-form-submit-frame\">\n      <button type=\"submit\" class=\"knsl-btn\">Envoyer<\/button>\n      <div class=\"knsl-text-sm\">Nous promettons de ne pas divulguer vos informations personnelles \u00e0 des tiers.<\/div>\n    <\/div>\n  <\/div>\n<\/div><div class=\"wpcf7-response-output\" aria-hidden=\"true\"><\/div>\n<input type=\"hidden\" name=\"trp-form-language\" value=\"fr\"\/><\/form>\n<\/div>\n            <\/div>\n          <\/div>\n                  <\/div>\n      <\/div>\n    <\/section>\n\n\t\t\t\t\t\t<\/div>\n\t\t\t\t<\/div>\n\t\t\t\t\t<\/div>\n\t\t<\/div>\n\t\t\t\t\t<\/div>\n\t\t<\/section>\n\t\t\t\t<section class=\"elementor-section elementor-top-section elementor-element elementor-element-bdf272e elementor-section-full_width elementor-section-height-default elementor-section-height-default\" data-id=\"bdf272e\" data-element_type=\"section\" data-e-type=\"section\">\n\t\t\t\t\t\t<div class=\"elementor-container elementor-column-gap-no\">\n\t\t\t\t\t<div class=\"elementor-column elementor-col-100 elementor-top-column elementor-element elementor-element-48567ae\" data-id=\"48567ae\" data-element_type=\"column\" data-e-type=\"column\">\n\t\t\t<div class=\"elementor-widget-wrap elementor-element-populated\">\n\t\t\t\t\t\t<div class=\"elementor-element elementor-element-a9fa47c elementor-widget elementor-widget-google_maps\" data-id=\"a9fa47c\" data-element_type=\"widget\" data-e-type=\"widget\" data-widget_type=\"google_maps.default\">\n\t\t\t\t<div class=\"elementor-widget-container\">\n\t\t\t\t\t\t\t<div class=\"elementor-custom-embed\">\n\t\t\t<iframe loading=\"lazy\"\n\t\t\t\t\tsrc=\"https:\/\/maps.google.com\/maps?q=Sloterkade%2064&#038;t=m&#038;z=14&#038;output=embed&#038;iwloc=near\"\n\t\t\t\t\ttitle=\"Sloterkade 64\"\n\t\t\t\t\taria-label=\"Sloterkade 64\"\n\t\t\t><\/iframe>\n\t\t<\/div>\n\t\t\t\t\t\t<\/div>\n\t\t\t\t<\/div>\n\t\t\t\t<div class=\"elementor-element elementor-element-0fa9ce2 elementor-widget elementor-widget-html\" data-id=\"0fa9ce2\" data-element_type=\"widget\" data-e-type=\"widget\" data-widget_type=\"html.default\">\n\t\t\t\t<div class=\"elementor-widget-container\">\n\t\t\t\t\t<script type=\"application\/javascript\" src=\"https:\/\/www.revyoos.com\/js\/widgetBuilder.js\" data-revyoos-widget='eyJwIjoiNjY3ZDdiZjBlNDhjZDM1MzU4MzIzMjJiIn0='><\/script>\t\t\t\t<\/div>\n\t\t\t\t<\/div>\n\t\t\t\t\t<\/div>\n\t\t<\/div>\n\t\t\t\t\t<\/div>\n\t\t<\/section>\n\t\t\t\t<\/div>","protected":false},"excerpt":{"rendered":"<p>Contact Address Sloterkade 64, 1058HH Amsterdam Phone +31 630694531 E-mail reservations@canalviewstayamsterdam.com Get In Touch! Don\u00b4t hesitate to reach out, we&#8230; <span class=\"knsl-el-more\"><a href=\"https:\/\/www.canalviewstayamsterdam.com\/fr\/contact\/\" class=\"knsl-btn\">Read more<span class=\"screen-reader-text\">Read more&nbsp;Contact<\/span><\/a><\/span><\/p>","protected":false},"author":1,"featured_media":0,"parent":0,"menu_order":0,"comment_status":"closed","ping_status":"closed","template":"template-layout-builder.php","meta":{"_monsterinsights_skip_tracking":false,"_monsterinsights_sitenote_active":false,"_monsterinsights_sitenote_note":"","_monsterinsights_sitenote_category":0,"footnotes":""},"class_list":["post-352","page","type-page","status-publish","hentry"],"acf":[],"yoast_head":"<!-- This site is optimized with the Yoast SEO plugin v27.4 - https:\/\/yoast.com\/product\/yoast-seo-wordpress\/ -->\n<title>Contact - Canal View Stay Amsterdam - Romantic BnB perfect for couples<\/title>\n<meta name=\"description\" content=\"Cosy room with canal views is perfect as romantic getaway for couples while discovering magical Amsterdam. Get in touch now or book directly!\" \/>\n<meta name=\"robots\" content=\"index, follow, max-snippet:-1, max-image-preview:large, max-video-preview:-1\" \/>\n<link rel=\"canonical\" href=\"https:\/\/www.canalviewstayamsterdam.com\/fr\/contact\/\" \/>\n<meta property=\"og:locale\" content=\"fr_FR\" \/>\n<meta property=\"og:type\" content=\"article\" \/>\n<meta property=\"og:title\" content=\"Contact - Canal View Stay Amsterdam - Romantic BnB perfect for couples\" \/>\n<meta property=\"og:description\" content=\"Cosy room with canal views is perfect as romantic getaway for couples while discovering magical Amsterdam. Get in touch now or book directly!\" \/>\n<meta property=\"og:url\" content=\"https:\/\/www.canalviewstayamsterdam.com\/fr\/contact\/\" \/>\n<meta property=\"og:site_name\" content=\"Canal View Stay Amsterdam\" \/>\n<meta property=\"article:modified_time\" content=\"2024-07-20T08:18:49+00:00\" \/>\n<meta property=\"og:image\" content=\"https:\/\/www.canalviewstayamsterdam.com\/wp-content\/uploads\/2021\/12\/f-9.png\" \/>\n<meta name=\"twitter:card\" content=\"summary_large_image\" \/>\n<meta name=\"twitter:label1\" content=\"Est. reading time\" \/>\n\t<meta name=\"twitter:data1\" content=\"1 minute\" \/>\n<script type=\"application\/ld+json\" class=\"yoast-schema-graph\">{\"@context\":\"https:\\\/\\\/schema.org\",\"@graph\":[{\"@type\":\"WebPage\",\"@id\":\"https:\\\/\\\/www.canalviewstayamsterdam.com\\\/contact\\\/\",\"url\":\"https:\\\/\\\/www.canalviewstayamsterdam.com\\\/contact\\\/\",\"name\":\"Contact - Canal View Stay Amsterdam - Romantic BnB perfect for couples\",\"isPartOf\":{\"@id\":\"https:\\\/\\\/www.canalviewstayamsterdam.com\\\/#website\"},\"primaryImageOfPage\":{\"@id\":\"https:\\\/\\\/www.canalviewstayamsterdam.com\\\/contact\\\/#primaryimage\"},\"image\":{\"@id\":\"https:\\\/\\\/www.canalviewstayamsterdam.com\\\/contact\\\/#primaryimage\"},\"thumbnailUrl\":\"https:\\\/\\\/www.canalviewstayamsterdam.com\\\/wp-content\\\/uploads\\\/2021\\\/12\\\/f-9.png\",\"datePublished\":\"2021-12-11T02:09:37+00:00\",\"dateModified\":\"2024-07-20T08:18:49+00:00\",\"description\":\"Cosy room with canal views is perfect as romantic getaway for couples while discovering magical Amsterdam. Get in touch now or book directly!\",\"breadcrumb\":{\"@id\":\"https:\\\/\\\/www.canalviewstayamsterdam.com\\\/contact\\\/#breadcrumb\"},\"inLanguage\":\"fr-FR\",\"potentialAction\":[{\"@type\":\"ReadAction\",\"target\":[\"https:\\\/\\\/www.canalviewstayamsterdam.com\\\/contact\\\/\"]}]},{\"@type\":\"ImageObject\",\"inLanguage\":\"fr-FR\",\"@id\":\"https:\\\/\\\/www.canalviewstayamsterdam.com\\\/contact\\\/#primaryimage\",\"url\":\"https:\\\/\\\/www.canalviewstayamsterdam.com\\\/wp-content\\\/uploads\\\/2021\\\/12\\\/f-9.png\",\"contentUrl\":\"https:\\\/\\\/www.canalviewstayamsterdam.com\\\/wp-content\\\/uploads\\\/2021\\\/12\\\/f-9.png\"},{\"@type\":\"BreadcrumbList\",\"@id\":\"https:\\\/\\\/www.canalviewstayamsterdam.com\\\/contact\\\/#breadcrumb\",\"itemListElement\":[{\"@type\":\"ListItem\",\"position\":1,\"name\":\"Home\",\"item\":\"https:\\\/\\\/www.canalviewstayamsterdam.com\\\/\"},{\"@type\":\"ListItem\",\"position\":2,\"name\":\"Contact\"}]},{\"@type\":\"WebSite\",\"@id\":\"https:\\\/\\\/www.canalviewstayamsterdam.com\\\/#website\",\"url\":\"https:\\\/\\\/www.canalviewstayamsterdam.com\\\/\",\"name\":\"Canal View Stay Amsterdam\",\"description\":\"Unique City. Unique Stay.\",\"publisher\":{\"@id\":\"https:\\\/\\\/www.canalviewstayamsterdam.com\\\/#organization\"},\"potentialAction\":[{\"@type\":\"SearchAction\",\"target\":{\"@type\":\"EntryPoint\",\"urlTemplate\":\"https:\\\/\\\/www.canalviewstayamsterdam.com\\\/?s={search_term_string}\"},\"query-input\":{\"@type\":\"PropertyValueSpecification\",\"valueRequired\":true,\"valueName\":\"search_term_string\"}}],\"inLanguage\":\"fr-FR\"},{\"@type\":\"Organization\",\"@id\":\"https:\\\/\\\/www.canalviewstayamsterdam.com\\\/#organization\",\"name\":\"Canal View Stay Amsterdam\",\"url\":\"https:\\\/\\\/www.canalviewstayamsterdam.com\\\/\",\"logo\":{\"@type\":\"ImageObject\",\"inLanguage\":\"fr-FR\",\"@id\":\"https:\\\/\\\/www.canalviewstayamsterdam.com\\\/#\\\/schema\\\/logo\\\/image\\\/\",\"url\":\"https:\\\/\\\/www.canalviewstayamsterdam.com\\\/wp-content\\\/uploads\\\/2021\\\/11\\\/Canal-View-Stay-Amsterdam-Bed-and-Breakfast-Logo.png\",\"contentUrl\":\"https:\\\/\\\/www.canalviewstayamsterdam.com\\\/wp-content\\\/uploads\\\/2021\\\/11\\\/Canal-View-Stay-Amsterdam-Bed-and-Breakfast-Logo.png\",\"width\":400,\"height\":100,\"caption\":\"Canal View Stay Amsterdam\"},\"image\":{\"@id\":\"https:\\\/\\\/www.canalviewstayamsterdam.com\\\/#\\\/schema\\\/logo\\\/image\\\/\"},\"sameAs\":[\"https:\\\/\\\/www.instagram.com\\\/canalviewstayamsterdam\\\/?hl=en\"]}]}<\/script>\n<!-- \/ Yoast SEO plugin. -->","yoast_head_json":{"title":"Contact - Canal View Stay Amsterdam - BnB romantique parfait pour les couples","description":"Chambre confortable avec vue sur le canal, parfaite pour une escapade romantique en couple tout en d\u00e9couvrant le magique Amsterdam. Contactez-nous d\u00e8s maintenant ou r\u00e9servez directement !","robots":{"index":"index","follow":"follow","max-snippet":"max-snippet:-1","max-image-preview":"max-image-preview:large","max-video-preview":"max-video-preview:-1"},"canonical":"https:\/\/www.canalviewstayamsterdam.com\/fr\/contact\/","og_locale":"fr_FR","og_type":"article","og_title":"Contact - Canal View Stay Amsterdam - Romantic BnB perfect for couples","og_description":"Cosy room with canal views is perfect as romantic getaway for couples while discovering magical Amsterdam. Get in touch now or book directly!","og_url":"https:\/\/www.canalviewstayamsterdam.com\/fr\/contact\/","og_site_name":"Canal View Stay Amsterdam","article_modified_time":"2024-07-20T08:18:49+00:00","og_image":[{"url":"https:\/\/www.canalviewstayamsterdam.com\/wp-content\/uploads\/2021\/12\/f-9.png","type":"","width":"","height":""}],"twitter_card":"summary_large_image","twitter_misc":{"Est. reading time":"1 minute"},"schema":{"@context":"https:\/\/schema.org","@graph":[{"@type":"WebPage","@id":"https:\/\/www.canalviewstayamsterdam.com\/contact\/","url":"https:\/\/www.canalviewstayamsterdam.com\/contact\/","name":"Contact - Canal View Stay Amsterdam - BnB romantique parfait pour les couples","isPartOf":{"@id":"https:\/\/www.canalviewstayamsterdam.com\/#website"},"primaryImageOfPage":{"@id":"https:\/\/www.canalviewstayamsterdam.com\/contact\/#primaryimage"},"image":{"@id":"https:\/\/www.canalviewstayamsterdam.com\/contact\/#primaryimage"},"thumbnailUrl":"https:\/\/www.canalviewstayamsterdam.com\/wp-content\/uploads\/2021\/12\/f-9.png","datePublished":"2021-12-11T02:09:37+00:00","dateModified":"2024-07-20T08:18:49+00:00","description":"Chambre confortable avec vue sur le canal, parfaite pour une escapade romantique en couple tout en d\u00e9couvrant le magique Amsterdam. Contactez-nous d\u00e8s maintenant ou r\u00e9servez directement !","breadcrumb":{"@id":"https:\/\/www.canalviewstayamsterdam.com\/contact\/#breadcrumb"},"inLanguage":"fr-FR","potentialAction":[{"@type":"ReadAction","target":["https:\/\/www.canalviewstayamsterdam.com\/contact\/"]}]},{"@type":"ImageObject","inLanguage":"fr-FR","@id":"https:\/\/www.canalviewstayamsterdam.com\/contact\/#primaryimage","url":"https:\/\/www.canalviewstayamsterdam.com\/wp-content\/uploads\/2021\/12\/f-9.png","contentUrl":"https:\/\/www.canalviewstayamsterdam.com\/wp-content\/uploads\/2021\/12\/f-9.png"},{"@type":"BreadcrumbList","@id":"https:\/\/www.canalviewstayamsterdam.com\/contact\/#breadcrumb","itemListElement":[{"@type":"ListItem","position":1,"name":"Home","item":"https:\/\/www.canalviewstayamsterdam.com\/"},{"@type":"ListItem","position":2,"name":"Contact"}]},{"@type":"WebSite","@id":"https:\/\/www.canalviewstayamsterdam.com\/#website","url":"https:\/\/www.canalviewstayamsterdam.com\/","name":"Vue sur Canal S\u00e9jour Amsterdam","description":"Ville unique. S\u00e9jour unique.","publisher":{"@id":"https:\/\/www.canalviewstayamsterdam.com\/#organization"},"potentialAction":[{"@type":"SearchAction","target":{"@type":"EntryPoint","urlTemplate":"https:\/\/www.canalviewstayamsterdam.com\/?s={search_term_string}"},"query-input":{"@type":"PropertyValueSpecification","valueRequired":true,"valueName":"search_term_string"}}],"inLanguage":"fr-FR"},{"@type":"Organization","@id":"https:\/\/www.canalviewstayamsterdam.com\/#organization","name":"Vue sur Canal S\u00e9jour Amsterdam","url":"https:\/\/www.canalviewstayamsterdam.com\/","logo":{"@type":"ImageObject","inLanguage":"fr-FR","@id":"https:\/\/www.canalviewstayamsterdam.com\/#\/schema\/logo\/image\/","url":"https:\/\/www.canalviewstayamsterdam.com\/wp-content\/uploads\/2021\/11\/Canal-View-Stay-Amsterdam-Bed-and-Breakfast-Logo.png","contentUrl":"https:\/\/www.canalviewstayamsterdam.com\/wp-content\/uploads\/2021\/11\/Canal-View-Stay-Amsterdam-Bed-and-Breakfast-Logo.png","width":400,"height":100,"caption":"Canal View Stay Amsterdam"},"image":{"@id":"https:\/\/www.canalviewstayamsterdam.com\/#\/schema\/logo\/image\/"},"sameAs":["https:\/\/www.instagram.com\/canalviewstayamsterdam\/?hl=en"]}]}},"_links":{"self":[{"href":"https:\/\/www.canalviewstayamsterdam.com\/fr\/wp-json\/wp\/v2\/pages\/352","targetHints":{"allow":["GET"]}}],"collection":[{"href":"https:\/\/www.canalviewstayamsterdam.com\/fr\/wp-json\/wp\/v2\/pages"}],"about":[{"href":"https:\/\/www.canalviewstayamsterdam.com\/fr\/wp-json\/wp\/v2\/types\/page"}],"author":[{"embeddable":true,"href":"https:\/\/www.canalviewstayamsterdam.com\/fr\/wp-json\/wp\/v2\/users\/1"}],"replies":[{"embeddable":true,"href":"https:\/\/www.canalviewstayamsterdam.com\/fr\/wp-json\/wp\/v2\/comments?post=352"}],"version-history":[{"count":44,"href":"https:\/\/www.canalviewstayamsterdam.com\/fr\/wp-json\/wp\/v2\/pages\/352\/revisions"}],"predecessor-version":[{"id":5680,"href":"https:\/\/www.canalviewstayamsterdam.com\/fr\/wp-json\/wp\/v2\/pages\/352\/revisions\/5680"}],"wp:attachment":[{"href":"https:\/\/www.canalviewstayamsterdam.com\/fr\/wp-json\/wp\/v2\/media?parent=352"}],"curies":[{"name":"wp","href":"https:\/\/api.w.org\/{rel}","templated":true}]}}