{"id":4683,"date":"2023-06-10T19:15:16","date_gmt":"2023-06-10T19:15:16","guid":{"rendered":"https:\/\/canalviewstayamsterdam.com\/?page_id=4683"},"modified":"2025-08-14T16:27:50","modified_gmt":"2025-08-14T16:27:50","slug":"location-bateau-prive-amsterdam","status":"publish","type":"page","link":"https:\/\/www.canalviewstayamsterdam.com\/fr\/private-boat-tour-amsterdam\/","title":{"rendered":"Excursion priv\u00e9e en bateau"},"content":{"rendered":"<div data-elementor-type=\"wp-page\" data-elementor-id=\"4683\" class=\"elementor elementor-4683\">\n\t\t\t\t\t\t<section class=\"elementor-section elementor-top-section elementor-element elementor-element-bc1ac1a elementor-section-full_width elementor-section-height-default elementor-section-height-default\" data-id=\"bc1ac1a\" data-element_type=\"section\" data-e-type=\"section\" data-settings=\"{&quot;background_background&quot;:&quot;classic&quot;}\">\n\t\t\t\t\t\t\t<div class=\"elementor-background-overlay\"><\/div>\n\t\t\t\t\t\t\t<div class=\"elementor-container elementor-column-gap-no\">\n\t\t\t\t\t<div class=\"elementor-column elementor-col-100 elementor-top-column elementor-element elementor-element-9d6466a\" data-id=\"9d6466a\" data-element_type=\"column\" data-e-type=\"column\">\n\t\t\t<div class=\"elementor-widget-wrap elementor-element-populated\">\n\t\t\t\t\t\t<div class=\"elementor-element elementor-element-52b55ae elementor-widget elementor-widget-kinsley-intro\" data-id=\"52b55ae\" data-element_type=\"widget\" data-e-type=\"widget\" data-widget_type=\"kinsley-intro.default\">\n\t\t\t\t<div class=\"elementor-widget-container\">\n\t\t\t\t\t\n    <!-- banner -->\n    <section class=\"knsl-banner-simple knsl-transition-bottom knsl-banner-white\">\n      \n\t  \n      <div class=\"container\">\n        <div class=\"row\">\n          <div class=\"col-lg-12\">\n\n            <div class=\"knsl-center knsl-title-frame\">\n                            <h1 class=\"knsl-title--h knsl-mb-20 knsl-h1-inner\">\n                <span >\n                    Excursion priv\u00e9e en bateau                <\/span>\n              <\/h1>\n                            \n              \n            <\/div>\n\n          <\/div>\n        <\/div>\n      <\/div>\n    <\/section>\n    <!-- banner end -->\n\n\t\t\t\t\t\t<\/div>\n\t\t\t\t<\/div>\n\t\t\t\t\t<\/div>\n\t\t<\/div>\n\t\t\t\t\t<\/div>\n\t\t<\/section>\n\t\t\t\t<section class=\"elementor-section elementor-top-section elementor-element elementor-element-8791cf2 elementor-section-boxed elementor-section-height-default elementor-section-height-default\" data-id=\"8791cf2\" data-element_type=\"section\" data-e-type=\"section\">\n\t\t\t\t\t\t<div class=\"elementor-container elementor-column-gap-default\">\n\t\t\t\t\t<div class=\"elementor-column elementor-col-100 elementor-top-column elementor-element elementor-element-2077fd4\" data-id=\"2077fd4\" data-element_type=\"column\" data-e-type=\"column\">\n\t\t\t<div class=\"elementor-widget-wrap elementor-element-populated\">\n\t\t\t\t\t\t<div class=\"elementor-element elementor-element-a038780 elementor-widget__width-initial elementor-widget elementor-widget-text-editor\" data-id=\"a038780\" data-element_type=\"widget\" data-e-type=\"widget\" data-widget_type=\"text-editor.default\">\n\t\t\t\t<div class=\"elementor-widget-container\">\n\t\t\t\t\t\t\t\t\t<p>Flotter sur les canaux d'Amsterdam est l'une des fa\u00e7ons les plus m\u00e9morables et romantiques de d\u00e9couvrir le caract\u00e8re unique de la ville, tout est un peu plus magique lorsqu'on le voit depuis un bateau.&nbsp;<span style=\"letter-spacing: 0px;\">Nous proposons des excursions priv\u00e9es en bateau \u00e0 nos clients, commen\u00e7ant commod\u00e9ment au canal juste devant notre chambre d'h\u00f4tes.<\/span><\/p>\n<p>Montez \u00e0 bord de notre confortable bateau ouvert, avec Johannes comme capitaine et guide. D'une longueur de 6 m\u00e8tres, \u201cTulips\u201d, construit localement, est une mani\u00e8re mignonne, s\u00fbre et priv\u00e9e de profiter d'une croisi\u00e8re sur les canaux et a la capacit\u00e9 d'entrer dans des canaux plus petits, o\u00f9 les plus grands bateaux touristiques ne peuvent pas aller. Quelques informations locales et explications sont incluses, tout comme des collations et des boissons.&nbsp;<span style=\"letter-spacing: 0px;\">(vous aurez une longue liste d'articles parmi lesquels choisir).<\/span><\/p>\n<p><!-- \/wp:paragraph --><\/p>\n<p><!-- wp:quote --><\/p>\n<blockquote>\n<p>Voyage 1<\/p>\n<p>Amsterdam typique (environ 2,5 heures)<br>Nous passons devant le Rijksmuseum en route pour d\u00e9couvrir les jolis et plus petits canaux du Jordaan. En immersion dans la vie amstellodamoise et des sc\u00e8nes pittoresques innombrables (recommand\u00e9 si vous n'\u00eates jamais venu ici).<\/p>\n<\/blockquote>\n<p><!-- \/wp:paragraph --><\/p>\n<p><!-- wp:quote --><\/p>\n<blockquote>\n<p>Voyage 2<\/p>\n<p>La vision d'ensemble (environ 2h30-3h)<br>Explorez les eaux plus larges derri\u00e8re la gare centrale et voyez les croisi\u00e8res qui y sont amarr\u00e9es. Obtenez une perspective plus large de la fa\u00e7on dont la ville est am\u00e9nag\u00e9e (mer un peu plus agit\u00e9e et recommand\u00e9 si vous avez d\u00e9j\u00e0 fait une excursion en bateau \u00e0 Amsterdam auparavant).<\/p>\n<\/blockquote>\n<p>La commodit\u00e9 est primordiale, car nous proposons des services de prise en charge et de d\u00e9pose juste devant notre chambre d'h\u00f4tes. Que vous pr\u00e9f\u00e9riez retourner au confort de notre porte ou \u00eatre d\u00e9pos\u00e9 dans le centre-ville anim\u00e9 ou tout autre endroit. Les excursions en bateau sont bien s\u00fbr soumises aux conditions m\u00e9t\u00e9orologiques, mais nous sommes tr\u00e8s flexibles en ce qui concerne leur annulation ou le changement de date et d'heure.<\/p>\n<p><b><u>Prix (tout compris) :<\/u><\/b><br><i>2 personnes : 275 euros<br><span style=\"letter-spacing: 0px;\">3 personnes : 325 Euros<br>3+ personnes : 375 euros<\/span><\/i><\/p>\n<p>Pr\u00eat(e) \u00e0 embarquer pour ce voyage remarquable et romantique \u00e0 Amsterdam ? Il vous suffit de nous contacter, et nous serons ravis de vous fournir plus de d\u00e9tails et d'organiser une excursion priv\u00e9e en bateau adapt\u00e9e \u00e0 vos pr\u00e9f\u00e9rences. Vous pouvez \u00e9galement ajouter simplement la Promenade en bateau \u00e0 votre r\u00e9servation.<\/p>\n<p><\/p>\n<p><!-- \/wp:paragraph --><\/p>\t\t\t\t\t\t\t\t<\/div>\n\t\t\t\t<\/div>\n\t\t\t\t\t<\/div>\n\t\t<\/div>\n\t\t\t\t\t<\/div>\n\t\t<\/section>\n\t\t\t\t<section class=\"elementor-section elementor-top-section elementor-element elementor-element-f53be5d elementor-section-boxed elementor-section-height-default elementor-section-height-default\" data-id=\"f53be5d\" data-element_type=\"section\" data-e-type=\"section\">\n\t\t\t\t\t\t<div class=\"elementor-container elementor-column-gap-default\">\n\t\t\t\t\t<div class=\"elementor-column elementor-col-100 elementor-top-column elementor-element elementor-element-38db2de\" data-id=\"38db2de\" data-element_type=\"column\" data-e-type=\"column\">\n\t\t\t<div class=\"elementor-widget-wrap elementor-element-populated\">\n\t\t\t\t\t\t<div class=\"elementor-element elementor-element-917f14b elementor-widget elementor-widget-kinsley-about-gallery\" data-id=\"917f14b\" data-element_type=\"widget\" data-e-type=\"widget\" data-widget_type=\"kinsley-about-gallery.default\">\n\t\t\t\t<div class=\"elementor-widget-container\">\n\t\t\t\t\t\n\t\t<!-- gallery -->\n\t  <section class=\"knsl-transition-bottom knsl-p-0-100\">\n    \t\n\t\t<div class=\"container\">        <div class=\"row align-items-center\">\n          \n                    <div class=\"col-lg-12\">\n\n            <!-- slider -->\n            <div class=\"swiper-container knsl-about-slider knsl-scroll-animation\">\n              <div class=\"swiper-wrapper\">\n                                <div class=\"swiper-slide\">\n\n                  <!-- gallery item -->\n                  <div class=\"knsl-image-frame\">\n                  \t                    \t\t\t\t\t<a data-elementor-lightbox-slideshow=\"about-gallery\" data-elementor-lightbox-title=\"\" href=\"https:\/\/www.canalviewstayamsterdam.com\/wp-content\/uploads\/2023\/06\/Canal_View_Stay_Amsterdam_Boat_Tour_1.jpg\">\n\t\t\t\t\t                      <img decoding=\"async\" src=\"https:\/\/www.canalviewstayamsterdam.com\/wp-content\/uploads\/2023\/06\/Canal_View_Stay_Amsterdam_Boat_Tour_1.jpg\" alt=\"\" \/>\n                                            <span class=\"knsl-zoom\"><i class=\"fas fa-search-plus\"><\/i><\/span>\n                    <\/a>\n                                      <\/div>\n                  <!-- gallery item end -->\n\n                <\/div>\n                                <div class=\"swiper-slide\">\n\n                  <!-- gallery item -->\n                  <div class=\"knsl-image-frame\">\n                  \t                    \t\t\t\t\t<a data-elementor-lightbox-slideshow=\"about-gallery\" data-elementor-lightbox-title=\"\" href=\"https:\/\/www.canalviewstayamsterdam.com\/wp-content\/uploads\/2023\/06\/Canal-View-Stay-Amsterdam-Boat-Tour-2.jpg\">\n\t\t\t\t\t                      <img decoding=\"async\" src=\"https:\/\/www.canalviewstayamsterdam.com\/wp-content\/uploads\/2023\/06\/Canal-View-Stay-Amsterdam-Boat-Tour-2.jpg\" alt=\"\" \/>\n                                            <span class=\"knsl-zoom\"><i class=\"fas fa-search-plus\"><\/i><\/span>\n                    <\/a>\n                                      <\/div>\n                  <!-- gallery item end -->\n\n                <\/div>\n                                <div class=\"swiper-slide\">\n\n                  <!-- gallery item -->\n                  <div class=\"knsl-image-frame\">\n                  \t                    \t\t\t\t\t<a data-elementor-lightbox-slideshow=\"about-gallery\" data-elementor-lightbox-title=\"\" href=\"https:\/\/www.canalviewstayamsterdam.com\/wp-content\/uploads\/2023\/06\/Canal-View-Stay-Amsterdam-Boat-Tour-4.jpg\">\n\t\t\t\t\t                      <img decoding=\"async\" src=\"https:\/\/www.canalviewstayamsterdam.com\/wp-content\/uploads\/2023\/06\/Canal-View-Stay-Amsterdam-Boat-Tour-4.jpg\" alt=\"\" \/>\n                                            <span class=\"knsl-zoom\"><i class=\"fas fa-search-plus\"><\/i><\/span>\n                    <\/a>\n                                      <\/div>\n                  <!-- gallery item end -->\n\n                <\/div>\n                                <div class=\"swiper-slide\">\n\n                  <!-- gallery item -->\n                  <div class=\"knsl-image-frame\">\n                  \t                    \t\t\t\t\t<a data-elementor-lightbox-slideshow=\"about-gallery\" data-elementor-lightbox-title=\"\" href=\"https:\/\/www.canalviewstayamsterdam.com\/wp-content\/uploads\/2023\/06\/Canal-View-Stay-Amsterdam-Boat-Tour-3.jpg\">\n\t\t\t\t\t                      <img decoding=\"async\" src=\"https:\/\/www.canalviewstayamsterdam.com\/wp-content\/uploads\/2023\/06\/Canal-View-Stay-Amsterdam-Boat-Tour-3.jpg\" alt=\"\" \/>\n                                            <span class=\"knsl-zoom\"><i class=\"fas fa-search-plus\"><\/i><\/span>\n                    <\/a>\n                                      <\/div>\n                  <!-- gallery item end -->\n\n                <\/div>\n                                <div class=\"swiper-slide\">\n\n                  <!-- gallery item -->\n                  <div class=\"knsl-image-frame\">\n                  \t                    \t\t\t\t\t<a data-elementor-lightbox-slideshow=\"about-gallery\" data-elementor-lightbox-title=\"\" href=\"https:\/\/www.canalviewstayamsterdam.com\/wp-content\/uploads\/2023\/06\/Canal_View_Stay_Amsterdam_Boat_Tour_5.jpg\">\n\t\t\t\t\t                      <img decoding=\"async\" src=\"https:\/\/www.canalviewstayamsterdam.com\/wp-content\/uploads\/2023\/06\/Canal_View_Stay_Amsterdam_Boat_Tour_5.jpg\" alt=\"\" \/>\n                                            <span class=\"knsl-zoom\"><i class=\"fas fa-search-plus\"><\/i><\/span>\n                    <\/a>\n                                      <\/div>\n                  <!-- gallery item end -->\n\n                <\/div>\n                                <div class=\"swiper-slide\">\n\n                  <!-- gallery item -->\n                  <div class=\"knsl-image-frame\">\n                  \t                    \t\t\t\t\t<a data-elementor-lightbox-slideshow=\"about-gallery\" data-elementor-lightbox-title=\"\" href=\"https:\/\/www.canalviewstayamsterdam.com\/wp-content\/uploads\/2023\/06\/Canal_View_Stay_Amsterdam_Boat_Tour_5.jpg\">\n\t\t\t\t\t                      <img decoding=\"async\" src=\"https:\/\/www.canalviewstayamsterdam.com\/wp-content\/uploads\/2023\/06\/Canal_View_Stay_Amsterdam_Boat_Tour_5.jpg\" alt=\"\" \/>\n                                            <span class=\"knsl-zoom\"><i class=\"fas fa-search-plus\"><\/i><\/span>\n                    <\/a>\n                                      <\/div>\n                  <!-- gallery item end -->\n\n                <\/div>\n                              <\/div>\n\n              <!-- slider navigation -->\n              <div class=\"knsl-slider-nav-panel\">\n                <!-- pagination -->\n                <div class=\"knsl-about-slider-1-pagination\"><\/div>\n                <!-- navigation -->\n                <div class=\"knsl-about-slider-nav\">\n                  <div class=\"knsl-about-slider-1-prev\"><i class=\"fas fa-arrow-left\"><\/i><\/div>\n                  <div class=\"knsl-about-slider-1-next\"><i class=\"fas fa-arrow-right\"><\/i><\/div>\n                <\/div>\n                <!-- navigation end -->\n              <\/div>\n              <!-- slider navigation end -->\n\n            <\/div>\n            <!-- slider end -->\n\n          <\/div>\n          \n        <\/div>\n\t\t<\/div>\n    <\/section>\n    <!-- gallery end -->\n\n\t\t\t\t\t\t<\/div>\n\t\t\t\t<\/div>\n\t\t\t\t<div class=\"elementor-element elementor-element-f0c990b elementor-widget elementor-widget-kinsley-features-inner\" data-id=\"f0c990b\" data-element_type=\"widget\" data-e-type=\"widget\" data-widget_type=\"kinsley-features-inner.default\">\n\t\t\t\t<div class=\"elementor-widget-container\">\n\t\t\t\t\t\n\t\t<!-- features -->\n    <section class=\"knsl-p-0-90\">\n      <div class=\"container\">\n        <div class=\"row\">\n\t\t\t\t\t          <div class=\"col-lg-12\">\n\n            <div class=\"knsl-center knsl-title-frame knsl-mb-100\">\n\t\t\t\t\t\t\t\t\t\t\t\t\t\t\t\t\t\t\t\t\t\t\t\t\t\t\t\t<a href=\"https:\/\/checkout.lodgify.com\/canal-view-stay-amsterdam\/en\/?currency=EUR#\/478015\" class=\"knsl-btn knsl-btn-md\">\n\t\t\t\t\t\t\t\t<span >\n\t\t\t\t\t\t\t\t\t\tr\u00e9servez votre s\u00e9jour\t\t\t\t\t\t\t\t<\/span>\n\t\t\t\t\t\t\t<\/a>\n\t\t\t\t\t\t\t            <\/div>\n\n          <\/div>\n\t\t\t\t\t\t\t\t\t\t        <\/div>\n      <\/div>\n    <\/section>\n    <!-- features end -->\n\n\t\t\t\t\t\t<\/div>\n\t\t\t\t<\/div>\n\t\t\t\t<div class=\"elementor-element elementor-element-a32cbb5 elementor-widget elementor-widget-html\" data-id=\"a32cbb5\" data-element_type=\"widget\" data-e-type=\"widget\" data-widget_type=\"html.default\">\n\t\t\t\t<div class=\"elementor-widget-container\">\n\t\t\t\t\t<script type=\"application\/javascript\" src=\"https:\/\/www.revyoos.com\/js\/widgetBuilder.js\" data-revyoos-widget='eyJwIjoiNjY3ZDdiZjBlNDhjZDM1MzU4MzIzMjJiIn0='><\/script>\t\t\t\t<\/div>\n\t\t\t\t<\/div>\n\t\t\t\t\t<\/div>\n\t\t<\/div>\n\t\t\t\t\t<\/div>\n\t\t<\/section>\n\t\t\t\t<\/div>","protected":false},"excerpt":{"rendered":"<p>Private Boat Tour Floating down Amsterdam\u2019s canals is one of the most memorable and romantic ways to discover the city&#8217;s&#8230; <span class=\"knsl-el-more\"><a href=\"https:\/\/www.canalviewstayamsterdam.com\/fr\/private-boat-tour-amsterdam\/\" class=\"knsl-btn\">Read more<span class=\"screen-reader-text\">Read more&nbsp;Private Boat Tour<\/span><\/a><\/span><\/p>","protected":false},"author":1,"featured_media":0,"parent":0,"menu_order":0,"comment_status":"closed","ping_status":"closed","template":"template-layout-builder.php","meta":{"_monsterinsights_skip_tracking":false,"_monsterinsights_sitenote_active":false,"_monsterinsights_sitenote_note":"","_monsterinsights_sitenote_category":0,"footnotes":""},"class_list":["post-4683","page","type-page","status-publish","hentry"],"acf":[],"yoast_head":"<!-- This site is optimized with the Yoast SEO plugin v27.4 - https:\/\/yoast.com\/product\/yoast-seo-wordpress\/ -->\n<title>Private Boat Tour - Canal View Stay Amsterdam<\/title>\n<meta name=\"robots\" content=\"index, follow, max-snippet:-1, max-image-preview:large, max-video-preview:-1\" \/>\n<link rel=\"canonical\" href=\"https:\/\/www.canalviewstayamsterdam.com\/fr\/location-bateau-prive-amsterdam\/\" \/>\n<meta property=\"og:locale\" content=\"fr_FR\" \/>\n<meta property=\"og:type\" content=\"article\" \/>\n<meta property=\"og:title\" content=\"Private Boat Tour - Canal View Stay Amsterdam\" \/>\n<meta property=\"og:description\" content=\"Private Boat Tour Floating down Amsterdam\u2019s canals is one of the most memorable and romantic ways to discover the city&#8217;s... Read moreRead more&nbsp;Private Boat Tour\" \/>\n<meta property=\"og:url\" content=\"https:\/\/www.canalviewstayamsterdam.com\/fr\/location-bateau-prive-amsterdam\/\" \/>\n<meta property=\"og:site_name\" content=\"Canal View Stay Amsterdam\" \/>\n<meta property=\"article:modified_time\" content=\"2025-08-14T16:27:50+00:00\" \/>\n<meta property=\"og:image\" content=\"https:\/\/www.canalviewstayamsterdam.com\/wp-content\/uploads\/2023\/06\/Canal_View_Stay_Amsterdam_Boat_Tour_1.jpg\" \/>\n<meta name=\"twitter:card\" content=\"summary_large_image\" \/>\n<meta name=\"twitter:label1\" content=\"Est. reading time\" \/>\n\t<meta name=\"twitter:data1\" content=\"3 minutes\" \/>\n<script type=\"application\/ld+json\" class=\"yoast-schema-graph\">{\"@context\":\"https:\\\/\\\/schema.org\",\"@graph\":[{\"@type\":\"WebPage\",\"@id\":\"https:\\\/\\\/www.canalviewstayamsterdam.com\\\/private-boat-tour-amsterdam\\\/\",\"url\":\"https:\\\/\\\/www.canalviewstayamsterdam.com\\\/private-boat-tour-amsterdam\\\/\",\"name\":\"Private Boat Tour - Canal View Stay Amsterdam\",\"isPartOf\":{\"@id\":\"https:\\\/\\\/www.canalviewstayamsterdam.com\\\/#website\"},\"primaryImageOfPage\":{\"@id\":\"https:\\\/\\\/www.canalviewstayamsterdam.com\\\/private-boat-tour-amsterdam\\\/#primaryimage\"},\"image\":{\"@id\":\"https:\\\/\\\/www.canalviewstayamsterdam.com\\\/private-boat-tour-amsterdam\\\/#primaryimage\"},\"thumbnailUrl\":\"https:\\\/\\\/www.canalviewstayamsterdam.com\\\/wp-content\\\/uploads\\\/2023\\\/06\\\/Canal_View_Stay_Amsterdam_Boat_Tour_1.jpg\",\"datePublished\":\"2023-06-10T19:15:16+00:00\",\"dateModified\":\"2025-08-14T16:27:50+00:00\",\"breadcrumb\":{\"@id\":\"https:\\\/\\\/www.canalviewstayamsterdam.com\\\/private-boat-tour-amsterdam\\\/#breadcrumb\"},\"inLanguage\":\"fr-FR\",\"potentialAction\":[{\"@type\":\"ReadAction\",\"target\":[\"https:\\\/\\\/www.canalviewstayamsterdam.com\\\/private-boat-tour-amsterdam\\\/\"]}]},{\"@type\":\"ImageObject\",\"inLanguage\":\"fr-FR\",\"@id\":\"https:\\\/\\\/www.canalviewstayamsterdam.com\\\/private-boat-tour-amsterdam\\\/#primaryimage\",\"url\":\"https:\\\/\\\/www.canalviewstayamsterdam.com\\\/wp-content\\\/uploads\\\/2023\\\/06\\\/Canal_View_Stay_Amsterdam_Boat_Tour_1.jpg\",\"contentUrl\":\"https:\\\/\\\/www.canalviewstayamsterdam.com\\\/wp-content\\\/uploads\\\/2023\\\/06\\\/Canal_View_Stay_Amsterdam_Boat_Tour_1.jpg\"},{\"@type\":\"BreadcrumbList\",\"@id\":\"https:\\\/\\\/www.canalviewstayamsterdam.com\\\/private-boat-tour-amsterdam\\\/#breadcrumb\",\"itemListElement\":[{\"@type\":\"ListItem\",\"position\":1,\"name\":\"Home\",\"item\":\"https:\\\/\\\/www.canalviewstayamsterdam.com\\\/\"},{\"@type\":\"ListItem\",\"position\":2,\"name\":\"Private Boat Tour\"}]},{\"@type\":\"WebSite\",\"@id\":\"https:\\\/\\\/www.canalviewstayamsterdam.com\\\/#website\",\"url\":\"https:\\\/\\\/www.canalviewstayamsterdam.com\\\/\",\"name\":\"Canal View Stay Amsterdam\",\"description\":\"Unique City. Unique Stay.\",\"publisher\":{\"@id\":\"https:\\\/\\\/www.canalviewstayamsterdam.com\\\/#organization\"},\"potentialAction\":[{\"@type\":\"SearchAction\",\"target\":{\"@type\":\"EntryPoint\",\"urlTemplate\":\"https:\\\/\\\/www.canalviewstayamsterdam.com\\\/?s={search_term_string}\"},\"query-input\":{\"@type\":\"PropertyValueSpecification\",\"valueRequired\":true,\"valueName\":\"search_term_string\"}}],\"inLanguage\":\"fr-FR\"},{\"@type\":\"Organization\",\"@id\":\"https:\\\/\\\/www.canalviewstayamsterdam.com\\\/#organization\",\"name\":\"Canal View Stay Amsterdam\",\"url\":\"https:\\\/\\\/www.canalviewstayamsterdam.com\\\/\",\"logo\":{\"@type\":\"ImageObject\",\"inLanguage\":\"fr-FR\",\"@id\":\"https:\\\/\\\/www.canalviewstayamsterdam.com\\\/#\\\/schema\\\/logo\\\/image\\\/\",\"url\":\"https:\\\/\\\/www.canalviewstayamsterdam.com\\\/wp-content\\\/uploads\\\/2021\\\/11\\\/Canal-View-Stay-Amsterdam-Bed-and-Breakfast-Logo.png\",\"contentUrl\":\"https:\\\/\\\/www.canalviewstayamsterdam.com\\\/wp-content\\\/uploads\\\/2021\\\/11\\\/Canal-View-Stay-Amsterdam-Bed-and-Breakfast-Logo.png\",\"width\":400,\"height\":100,\"caption\":\"Canal View Stay Amsterdam\"},\"image\":{\"@id\":\"https:\\\/\\\/www.canalviewstayamsterdam.com\\\/#\\\/schema\\\/logo\\\/image\\\/\"},\"sameAs\":[\"https:\\\/\\\/www.instagram.com\\\/canalviewstayamsterdam\\\/?hl=en\"]}]}<\/script>\n<!-- \/ Yoast SEO plugin. -->","yoast_head_json":{"title":"Location de bateau priv\u00e9 - S\u00e9jour avec vue sur le canal \u00e0 Amsterdam","robots":{"index":"index","follow":"follow","max-snippet":"max-snippet:-1","max-image-preview":"max-image-preview:large","max-video-preview":"max-video-preview:-1"},"canonical":"https:\/\/www.canalviewstayamsterdam.com\/fr\/location-bateau-prive-amsterdam\/","og_locale":"fr_FR","og_type":"article","og_title":"Private Boat Tour - Canal View Stay Amsterdam","og_description":"Private Boat Tour Floating down Amsterdam\u2019s canals is one of the most memorable and romantic ways to discover the city&#8217;s... Read moreRead more&nbsp;Private Boat Tour","og_url":"https:\/\/www.canalviewstayamsterdam.com\/fr\/location-bateau-prive-amsterdam\/","og_site_name":"Canal View Stay Amsterdam","article_modified_time":"2025-08-14T16:27:50+00:00","og_image":[{"url":"https:\/\/www.canalviewstayamsterdam.com\/wp-content\/uploads\/2023\/06\/Canal_View_Stay_Amsterdam_Boat_Tour_1.jpg","type":"","width":"","height":""}],"twitter_card":"summary_large_image","twitter_misc":{"Est. reading time":"3 minutes"},"schema":{"@context":"https:\/\/schema.org","@graph":[{"@type":"WebPage","@id":"https:\/\/www.canalviewstayamsterdam.com\/private-boat-tour-amsterdam\/","url":"https:\/\/www.canalviewstayamsterdam.com\/private-boat-tour-amsterdam\/","name":"Location de bateau priv\u00e9 - S\u00e9jour avec vue sur le canal \u00e0 Amsterdam","isPartOf":{"@id":"https:\/\/www.canalviewstayamsterdam.com\/#website"},"primaryImageOfPage":{"@id":"https:\/\/www.canalviewstayamsterdam.com\/private-boat-tour-amsterdam\/#primaryimage"},"image":{"@id":"https:\/\/www.canalviewstayamsterdam.com\/private-boat-tour-amsterdam\/#primaryimage"},"thumbnailUrl":"https:\/\/www.canalviewstayamsterdam.com\/wp-content\/uploads\/2023\/06\/Canal_View_Stay_Amsterdam_Boat_Tour_1.jpg","datePublished":"2023-06-10T19:15:16+00:00","dateModified":"2025-08-14T16:27:50+00:00","breadcrumb":{"@id":"https:\/\/www.canalviewstayamsterdam.com\/private-boat-tour-amsterdam\/#breadcrumb"},"inLanguage":"fr-FR","potentialAction":[{"@type":"ReadAction","target":["https:\/\/www.canalviewstayamsterdam.com\/private-boat-tour-amsterdam\/"]}]},{"@type":"ImageObject","inLanguage":"fr-FR","@id":"https:\/\/www.canalviewstayamsterdam.com\/private-boat-tour-amsterdam\/#primaryimage","url":"https:\/\/www.canalviewstayamsterdam.com\/wp-content\/uploads\/2023\/06\/Canal_View_Stay_Amsterdam_Boat_Tour_1.jpg","contentUrl":"https:\/\/www.canalviewstayamsterdam.com\/wp-content\/uploads\/2023\/06\/Canal_View_Stay_Amsterdam_Boat_Tour_1.jpg"},{"@type":"BreadcrumbList","@id":"https:\/\/www.canalviewstayamsterdam.com\/private-boat-tour-amsterdam\/#breadcrumb","itemListElement":[{"@type":"ListItem","position":1,"name":"Home","item":"https:\/\/www.canalviewstayamsterdam.com\/"},{"@type":"ListItem","position":2,"name":"Private Boat Tour"}]},{"@type":"WebSite","@id":"https:\/\/www.canalviewstayamsterdam.com\/#website","url":"https:\/\/www.canalviewstayamsterdam.com\/","name":"Vue sur Canal S\u00e9jour Amsterdam","description":"Ville unique. S\u00e9jour unique.","publisher":{"@id":"https:\/\/www.canalviewstayamsterdam.com\/#organization"},"potentialAction":[{"@type":"SearchAction","target":{"@type":"EntryPoint","urlTemplate":"https:\/\/www.canalviewstayamsterdam.com\/?s={search_term_string}"},"query-input":{"@type":"PropertyValueSpecification","valueRequired":true,"valueName":"search_term_string"}}],"inLanguage":"fr-FR"},{"@type":"Organization","@id":"https:\/\/www.canalviewstayamsterdam.com\/#organization","name":"Vue sur Canal S\u00e9jour Amsterdam","url":"https:\/\/www.canalviewstayamsterdam.com\/","logo":{"@type":"ImageObject","inLanguage":"fr-FR","@id":"https:\/\/www.canalviewstayamsterdam.com\/#\/schema\/logo\/image\/","url":"https:\/\/www.canalviewstayamsterdam.com\/wp-content\/uploads\/2021\/11\/Canal-View-Stay-Amsterdam-Bed-and-Breakfast-Logo.png","contentUrl":"https:\/\/www.canalviewstayamsterdam.com\/wp-content\/uploads\/2021\/11\/Canal-View-Stay-Amsterdam-Bed-and-Breakfast-Logo.png","width":400,"height":100,"caption":"Canal View Stay Amsterdam"},"image":{"@id":"https:\/\/www.canalviewstayamsterdam.com\/#\/schema\/logo\/image\/"},"sameAs":["https:\/\/www.instagram.com\/canalviewstayamsterdam\/?hl=en"]}]}},"_links":{"self":[{"href":"https:\/\/www.canalviewstayamsterdam.com\/fr\/wp-json\/wp\/v2\/pages\/4683","targetHints":{"allow":["GET"]}}],"collection":[{"href":"https:\/\/www.canalviewstayamsterdam.com\/fr\/wp-json\/wp\/v2\/pages"}],"about":[{"href":"https:\/\/www.canalviewstayamsterdam.com\/fr\/wp-json\/wp\/v2\/types\/page"}],"author":[{"embeddable":true,"href":"https:\/\/www.canalviewstayamsterdam.com\/fr\/wp-json\/wp\/v2\/users\/1"}],"replies":[{"embeddable":true,"href":"https:\/\/www.canalviewstayamsterdam.com\/fr\/wp-json\/wp\/v2\/comments?post=4683"}],"version-history":[{"count":56,"href":"https:\/\/www.canalviewstayamsterdam.com\/fr\/wp-json\/wp\/v2\/pages\/4683\/revisions"}],"predecessor-version":[{"id":5759,"href":"https:\/\/www.canalviewstayamsterdam.com\/fr\/wp-json\/wp\/v2\/pages\/4683\/revisions\/5759"}],"wp:attachment":[{"href":"https:\/\/www.canalviewstayamsterdam.com\/fr\/wp-json\/wp\/v2\/media?parent=4683"}],"curies":[{"name":"wp","href":"https:\/\/api.w.org\/{rel}","templated":true}]}}