{"id":620,"date":"2021-12-12T23:28:38","date_gmt":"2021-12-12T23:28:38","guid":{"rendered":"https:\/\/bslthemes.com\/kinsley\/?page_id=620"},"modified":"2024-06-27T15:33:39","modified_gmt":"2024-06-27T15:33:39","slug":"henry-a-garca","status":"publish","type":"page","link":"https:\/\/www.canalviewstayamsterdam.com\/pt\/henry-the-heron\/","title":{"rendered":"Henry A Gar\u00e7a"},"content":{"rendered":"<div data-elementor-type=\"wp-page\" data-elementor-id=\"620\" class=\"elementor elementor-620\">\n\t\t\t\t\t\t<section class=\"elementor-section elementor-top-section elementor-element elementor-element-bc1ac1a elementor-section-full_width elementor-section-height-default elementor-section-height-default\" data-id=\"bc1ac1a\" data-element_type=\"section\" data-e-type=\"section\" data-settings=\"{&quot;background_background&quot;:&quot;classic&quot;}\">\n\t\t\t\t\t\t\t<div class=\"elementor-background-overlay\"><\/div>\n\t\t\t\t\t\t\t<div class=\"elementor-container elementor-column-gap-no\">\n\t\t\t\t\t<div class=\"elementor-column elementor-col-100 elementor-top-column elementor-element elementor-element-9d6466a\" data-id=\"9d6466a\" data-element_type=\"column\" data-e-type=\"column\">\n\t\t\t<div class=\"elementor-widget-wrap elementor-element-populated\">\n\t\t\t\t\t\t<div class=\"elementor-element elementor-element-52b55ae elementor-widget elementor-widget-kinsley-intro\" data-id=\"52b55ae\" data-element_type=\"widget\" data-e-type=\"widget\" data-widget_type=\"kinsley-intro.default\">\n\t\t\t\t<div class=\"elementor-widget-container\">\n\t\t\t\t\t\n    <!-- banner -->\n    <section class=\"knsl-banner-simple knsl-transition-bottom knsl-banner-white\">\n      \n\t  \n      <div class=\"container\">\n        <div class=\"row\">\n          <div class=\"col-lg-12\">\n\n            <div class=\"knsl-center knsl-title-frame\">\n                            <h1 class=\"knsl-title--h knsl-mb-20 knsl-h1-inner\">\n                <span >\n                    Henry A gar\u00e7a                <\/span>\n              <\/h1>\n                            \n              \n            <\/div>\n\n          <\/div>\n        <\/div>\n      <\/div>\n    <\/section>\n    <!-- banner end -->\n\n\t\t\t\t\t\t<\/div>\n\t\t\t\t<\/div>\n\t\t\t\t\t<\/div>\n\t\t<\/div>\n\t\t\t\t\t<\/div>\n\t\t<\/section>\n\t\t\t\t<section class=\"elementor-section elementor-top-section elementor-element elementor-element-4ad5085 elementor-section-boxed elementor-section-height-default elementor-section-height-default\" data-id=\"4ad5085\" data-element_type=\"section\" data-e-type=\"section\">\n\t\t\t\t\t\t<div class=\"elementor-container elementor-column-gap-default\">\n\t\t\t\t\t<div class=\"elementor-column elementor-col-100 elementor-top-column elementor-element elementor-element-1c73b43\" data-id=\"1c73b43\" data-element_type=\"column\" data-e-type=\"column\">\n\t\t\t<div class=\"elementor-widget-wrap elementor-element-populated\">\n\t\t\t\t\t\t<div class=\"elementor-element elementor-element-41d78a2 elementor-widget__width-initial elementor-widget elementor-widget-text-editor\" data-id=\"41d78a2\" data-element_type=\"widget\" data-e-type=\"widget\" data-widget_type=\"text-editor.default\">\n\t\t\t\t<div class=\"elementor-widget-container\">\n\t\t\t\t\t\t\t\t\t<p><\/p>\n<p>Conhe\u00e7a o Henry, o nosso querido residente e a celebridade com penas do bairro, que tem agraciado o nosso endere\u00e7o por uns impressionantes 13 anos. Alimentado e cuidado pela nossa simp\u00e1tica vizinha, Karen, que gere o \u201cBed &amp; Breakfast Amsterdam\u201d ao lado, juntamente com o seu marido Paul.<a href=\"https:\/\/www.bedandbreakfastamsterdam.net\" target=\"_blank\" rel=\"noopener\">aqui est\u00e1 um link para o site deles!<\/a>).<br \/>Por causa da Karen, o Henry come\u00e7a cada dia com um pequeno-almo\u00e7o de peixe fresco. \u00c9 frequente encontr\u00e1-lo a passear de um lado para o outro no passeio ou empoleirado graciosamente num carro ou candeeiro de rua pr\u00f3ximo, bem \u00e0 vista da nossa janela. Por vezes, ele at\u00e9 tira um momento para relaxar e digerir na varanda de baixo, oferecendo um vislumbre raro e \u00edntimo da sua presen\u00e7a majestosa.<\/p>\n<p><\/p>\n<p><\/p>\n<blockquote class=\"wp-block-quote is-layout-flow wp-block-quote-is-layout-flow\">\n<p>As ruas de Amesterd\u00e3o pertencem-lhes \u2013 as magn\u00edficas gar\u00e7as-cinzentas! Com uma envergadura impressionante de 175-195 cm e um peso de 1-2 kg, estas aves adapt\u00e1veis integraram-se perfeitamente na vida citadina, cativando a nossa aten\u00e7\u00e3o com a sua presen\u00e7a. Cerca de 5000 delas vagueiam na \u00e1rea de Amesterd\u00e3o!<\/p>\n<\/blockquote>\n<p><img fetchpriority=\"high\" decoding=\"async\" class=\"alignnone wp-image-5125 size-large\" src=\"https:\/\/canalviewstayamsterdam.com\/wp-content\/uploads\/2023\/07\/Heron-Autumn-Cropped-2-1-1-1024x549.jpg\" alt=\"\" width=\"900\" height=\"483\" srcset=\"https:\/\/www.canalviewstayamsterdam.com\/wp-content\/uploads\/2023\/07\/Heron-Autumn-Cropped-2-1-1-1024x549.jpg 1024w, https:\/\/www.canalviewstayamsterdam.com\/wp-content\/uploads\/2023\/07\/Heron-Autumn-Cropped-2-1-1-300x161.jpg 300w, https:\/\/www.canalviewstayamsterdam.com\/wp-content\/uploads\/2023\/07\/Heron-Autumn-Cropped-2-1-1-768x412.jpg 768w, https:\/\/www.canalviewstayamsterdam.com\/wp-content\/uploads\/2023\/07\/Heron-Autumn-Cropped-2-1-1-950x509.jpg 950w, https:\/\/www.canalviewstayamsterdam.com\/wp-content\/uploads\/2023\/07\/Heron-Autumn-Cropped-2-1-1.jpg 1500w\" sizes=\"(max-width: 900px) 100vw, 900px\" \/><\/p>\n<p>\u00a0<\/p>\n<p>\u00a0<\/p>\n<p>Karen e Henry s\u00e3o at\u00e9 apresentados no document\u00e1rio da BBC Earth \u201cCoexistance \u2013 Meet the Herons of Amsterdam\u201d \u2013 veja o v\u00eddeo abaixo!<\/p>\n<p>Com a sua eleg\u00e2ncia marcante e proximidade, Henry tornou-se um \u00edcone acarinhado na nossa comunidade, atraindo a aten\u00e7\u00e3o de locais e visitantes que se re\u00fanem todas as manh\u00e3s para capturar a sua beleza em fotos e v\u00eddeos ou simplesmente para desfrutar da sua aura serena. Assim, prepare-se para ser cativado pelo charme \u00fanico de Henry, a not\u00e1vel gar\u00e7a que se tornou parte integrante do nosso querido bairro.<\/p>\n<p>\u00a0<\/p>\n<p>\u00a0<\/p>\n<p><iframe title=\"Conhe\u00e7a as Gar\u00e7as de Amesterd\u00e3o | Coexist\u00eancia | BBC Earth\" width=\"900\" height=\"506\" src=\"https:\/\/www.youtube.com\/embed\/I7exHcylJ5w?feature=oembed\" frameborder=\"0\" allow=\"accelerometer; autoplay; clipboard-write; encrypted-media; gyroscope; picture-in-picture; web-share\" allowfullscreen><\/iframe><\/p>\n<p><\/p>\t\t\t\t\t\t\t\t<\/div>\n\t\t\t\t<\/div>\n\t\t\t\t<div class=\"elementor-element elementor-element-5c7aab8 elementor-widget elementor-widget-kinsley-features-inner\" data-id=\"5c7aab8\" data-element_type=\"widget\" data-e-type=\"widget\" data-widget_type=\"kinsley-features-inner.default\">\n\t\t\t\t<div class=\"elementor-widget-container\">\n\t\t\t\t\t\n\t\t<!-- features -->\n    <section class=\"knsl-p-0-90\">\n      <div class=\"container\">\n        <div class=\"row\">\n\t\t\t\t\t          <div class=\"col-lg-12\">\n\n            <div class=\"knsl-center knsl-title-frame knsl-mb-100\">\n\t\t\t\t\t\t\t\t\t\t\t\t\t\t\t\t\t\t\t\t\t\t\t\t\t\t\t\t<a href=\"https:\/\/checkout.lodgify.com\/canal-view-stay-amsterdam\/en\/?currency=EUR#\/478015\" class=\"knsl-btn knsl-btn-md\">\n\t\t\t\t\t\t\t\t<span >\n\t\t\t\t\t\t\t\t\t\treserve a sua estadia\t\t\t\t\t\t\t\t<\/span>\n\t\t\t\t\t\t\t<\/a>\n\t\t\t\t\t\t\t            <\/div>\n\n          <\/div>\n\t\t\t\t\t\t\t\t\t\t        <\/div>\n      <\/div>\n    <\/section>\n    <!-- features end -->\n\n\t\t\t\t\t\t<\/div>\n\t\t\t\t<\/div>\n\t\t\t\t<div class=\"elementor-element elementor-element-693ee34 elementor-widget elementor-widget-html\" data-id=\"693ee34\" data-element_type=\"widget\" data-e-type=\"widget\" data-widget_type=\"html.default\">\n\t\t\t\t<div class=\"elementor-widget-container\">\n\t\t\t\t\t<script type=\"application\/javascript\" src=\"https:\/\/www.revyoos.com\/js\/widgetBuilder.js\" data-revyoos-widget='eyJwIjoiNjY3ZDdiZjBlNDhjZDM1MzU4MzIzMjJiIn0='><\/script>\t\t\t\t<\/div>\n\t\t\t\t<\/div>\n\t\t\t\t\t<\/div>\n\t\t<\/div>\n\t\t\t\t\t<\/div>\n\t\t<\/section>\n\t\t\t\t<\/div>","protected":false},"excerpt":{"rendered":"<p>Henry The heron Meet Henry, our beloved resident and the neighborhood&#8217;s feathered celebrity, who has graced our address for an&#8230; <span class=\"knsl-el-more\"><a href=\"https:\/\/www.canalviewstayamsterdam.com\/pt\/henry-the-heron\/\" class=\"knsl-btn\">Read more<span class=\"screen-reader-text\">Read more&nbsp;Henry The Heron<\/span><\/a><\/span><\/p>","protected":false},"author":1,"featured_media":0,"parent":0,"menu_order":0,"comment_status":"closed","ping_status":"closed","template":"template-layout-builder.php","meta":{"_monsterinsights_skip_tracking":false,"_monsterinsights_sitenote_active":false,"_monsterinsights_sitenote_note":"","_monsterinsights_sitenote_category":0,"footnotes":""},"class_list":["post-620","page","type-page","status-publish","hentry"],"acf":[],"yoast_head":"<!-- This site is optimized with the Yoast SEO plugin v27.4 - https:\/\/yoast.com\/product\/yoast-seo-wordpress\/ -->\n<title>Henry The Heron - Unique Experience - Canal View Stay Amsterdam<\/title>\n<meta name=\"description\" content=\"Meet Henry, our beloved resident and the neighborhood\u2019s feathered celebrity, who has graced our address for an astounding 13 years!\" \/>\n<meta name=\"robots\" content=\"index, follow, max-snippet:-1, max-image-preview:large, max-video-preview:-1\" \/>\n<link rel=\"canonical\" href=\"https:\/\/www.canalviewstayamsterdam.com\/pt\/henry-a-garca\/\" \/>\n<meta property=\"og:locale\" content=\"pt_PT\" \/>\n<meta property=\"og:type\" content=\"article\" \/>\n<meta property=\"og:title\" content=\"Henry The Heron - Unique Experience - Canal View Stay Amsterdam\" \/>\n<meta property=\"og:description\" content=\"Meet Henry, our beloved resident and the neighborhood\u2019s feathered celebrity, who has graced our address for an astounding 13 years!\" \/>\n<meta property=\"og:url\" content=\"https:\/\/www.canalviewstayamsterdam.com\/pt\/henry-a-garca\/\" \/>\n<meta property=\"og:site_name\" content=\"Canal View Stay Amsterdam\" \/>\n<meta property=\"article:modified_time\" content=\"2024-06-27T15:33:39+00:00\" \/>\n<meta property=\"og:image\" content=\"https:\/\/canalviewstayamsterdam.com\/wp-content\/uploads\/2023\/07\/Heron-Autumn-Cropped-2-1-1-1024x549.jpg\" \/>\n<meta name=\"twitter:card\" content=\"summary_large_image\" \/>\n<script type=\"application\/ld+json\" class=\"yoast-schema-graph\">{\"@context\":\"https:\\\/\\\/schema.org\",\"@graph\":[{\"@type\":\"WebPage\",\"@id\":\"https:\\\/\\\/www.canalviewstayamsterdam.com\\\/henry-the-heron\\\/\",\"url\":\"https:\\\/\\\/www.canalviewstayamsterdam.com\\\/henry-the-heron\\\/\",\"name\":\"Henry The Heron - Unique Experience - Canal View Stay Amsterdam\",\"isPartOf\":{\"@id\":\"https:\\\/\\\/www.canalviewstayamsterdam.com\\\/#website\"},\"primaryImageOfPage\":{\"@id\":\"https:\\\/\\\/www.canalviewstayamsterdam.com\\\/henry-the-heron\\\/#primaryimage\"},\"image\":{\"@id\":\"https:\\\/\\\/www.canalviewstayamsterdam.com\\\/henry-the-heron\\\/#primaryimage\"},\"thumbnailUrl\":\"https:\\\/\\\/canalviewstayamsterdam.com\\\/wp-content\\\/uploads\\\/2023\\\/07\\\/Heron-Autumn-Cropped-2-1-1-1024x549.jpg\",\"datePublished\":\"2021-12-12T23:28:38+00:00\",\"dateModified\":\"2024-06-27T15:33:39+00:00\",\"description\":\"Meet Henry, our beloved resident and the neighborhood\u2019s feathered celebrity, who has graced our address for an astounding 13 years!\",\"breadcrumb\":{\"@id\":\"https:\\\/\\\/www.canalviewstayamsterdam.com\\\/henry-the-heron\\\/#breadcrumb\"},\"inLanguage\":\"pt-PT\",\"potentialAction\":[{\"@type\":\"ReadAction\",\"target\":[\"https:\\\/\\\/www.canalviewstayamsterdam.com\\\/henry-the-heron\\\/\"]}]},{\"@type\":\"ImageObject\",\"inLanguage\":\"pt-PT\",\"@id\":\"https:\\\/\\\/www.canalviewstayamsterdam.com\\\/henry-the-heron\\\/#primaryimage\",\"url\":\"https:\\\/\\\/canalviewstayamsterdam.com\\\/wp-content\\\/uploads\\\/2023\\\/07\\\/Heron-Autumn-Cropped-2-1-1-1024x549.jpg\",\"contentUrl\":\"https:\\\/\\\/canalviewstayamsterdam.com\\\/wp-content\\\/uploads\\\/2023\\\/07\\\/Heron-Autumn-Cropped-2-1-1-1024x549.jpg\"},{\"@type\":\"BreadcrumbList\",\"@id\":\"https:\\\/\\\/www.canalviewstayamsterdam.com\\\/henry-the-heron\\\/#breadcrumb\",\"itemListElement\":[{\"@type\":\"ListItem\",\"position\":1,\"name\":\"Home\",\"item\":\"https:\\\/\\\/www.canalviewstayamsterdam.com\\\/\"},{\"@type\":\"ListItem\",\"position\":2,\"name\":\"Henry The Heron\"}]},{\"@type\":\"WebSite\",\"@id\":\"https:\\\/\\\/www.canalviewstayamsterdam.com\\\/#website\",\"url\":\"https:\\\/\\\/www.canalviewstayamsterdam.com\\\/\",\"name\":\"Canal View Stay Amsterdam\",\"description\":\"Unique City. Unique Stay.\",\"publisher\":{\"@id\":\"https:\\\/\\\/www.canalviewstayamsterdam.com\\\/#organization\"},\"potentialAction\":[{\"@type\":\"SearchAction\",\"target\":{\"@type\":\"EntryPoint\",\"urlTemplate\":\"https:\\\/\\\/www.canalviewstayamsterdam.com\\\/?s={search_term_string}\"},\"query-input\":{\"@type\":\"PropertyValueSpecification\",\"valueRequired\":true,\"valueName\":\"search_term_string\"}}],\"inLanguage\":\"pt-PT\"},{\"@type\":\"Organization\",\"@id\":\"https:\\\/\\\/www.canalviewstayamsterdam.com\\\/#organization\",\"name\":\"Canal View Stay Amsterdam\",\"url\":\"https:\\\/\\\/www.canalviewstayamsterdam.com\\\/\",\"logo\":{\"@type\":\"ImageObject\",\"inLanguage\":\"pt-PT\",\"@id\":\"https:\\\/\\\/www.canalviewstayamsterdam.com\\\/#\\\/schema\\\/logo\\\/image\\\/\",\"url\":\"https:\\\/\\\/www.canalviewstayamsterdam.com\\\/wp-content\\\/uploads\\\/2021\\\/11\\\/Canal-View-Stay-Amsterdam-Bed-and-Breakfast-Logo.png\",\"contentUrl\":\"https:\\\/\\\/www.canalviewstayamsterdam.com\\\/wp-content\\\/uploads\\\/2021\\\/11\\\/Canal-View-Stay-Amsterdam-Bed-and-Breakfast-Logo.png\",\"width\":400,\"height\":100,\"caption\":\"Canal View Stay Amsterdam\"},\"image\":{\"@id\":\"https:\\\/\\\/www.canalviewstayamsterdam.com\\\/#\\\/schema\\\/logo\\\/image\\\/\"},\"sameAs\":[\"https:\\\/\\\/www.instagram.com\\\/canalviewstayamsterdam\\\/?hl=en\"]}]}<\/script>\n<!-- \/ Yoast SEO plugin. -->","yoast_head_json":{"title":"Henry The Heron - Experi\u00eancia \u00danica - Estadia com Vista para o Canal, Amesterd\u00e3o","description":"Conhe\u00e7a o Henry, o nosso adorado residente e a celebridade emplumada do bairro, que tem agraciado a nossa morada por uns incr\u00edveis 13 anos!","robots":{"index":"index","follow":"follow","max-snippet":"max-snippet:-1","max-image-preview":"max-image-preview:large","max-video-preview":"max-video-preview:-1"},"canonical":"https:\/\/www.canalviewstayamsterdam.com\/pt\/henry-a-garca\/","og_locale":"pt_PT","og_type":"article","og_title":"Henry The Heron - Unique Experience - Canal View Stay Amsterdam","og_description":"Meet Henry, our beloved resident and the neighborhood\u2019s feathered celebrity, who has graced our address for an astounding 13 years!","og_url":"https:\/\/www.canalviewstayamsterdam.com\/pt\/henry-a-garca\/","og_site_name":"Canal View Stay Amsterdam","article_modified_time":"2024-06-27T15:33:39+00:00","og_image":[{"url":"https:\/\/canalviewstayamsterdam.com\/wp-content\/uploads\/2023\/07\/Heron-Autumn-Cropped-2-1-1-1024x549.jpg","type":"","width":"","height":""}],"twitter_card":"summary_large_image","schema":{"@context":"https:\/\/schema.org","@graph":[{"@type":"WebPage","@id":"https:\/\/www.canalviewstayamsterdam.com\/henry-the-heron\/","url":"https:\/\/www.canalviewstayamsterdam.com\/henry-the-heron\/","name":"Henry The Heron - Experi\u00eancia \u00danica - Estadia com Vista para o Canal, Amesterd\u00e3o","isPartOf":{"@id":"https:\/\/www.canalviewstayamsterdam.com\/#website"},"primaryImageOfPage":{"@id":"https:\/\/www.canalviewstayamsterdam.com\/henry-the-heron\/#primaryimage"},"image":{"@id":"https:\/\/www.canalviewstayamsterdam.com\/henry-the-heron\/#primaryimage"},"thumbnailUrl":"https:\/\/canalviewstayamsterdam.com\/wp-content\/uploads\/2023\/07\/Heron-Autumn-Cropped-2-1-1-1024x549.jpg","datePublished":"2021-12-12T23:28:38+00:00","dateModified":"2024-06-27T15:33:39+00:00","description":"Conhe\u00e7a o Henry, o nosso adorado residente e a celebridade emplumada do bairro, que tem agraciado a nossa morada por uns incr\u00edveis 13 anos!","breadcrumb":{"@id":"https:\/\/www.canalviewstayamsterdam.com\/henry-the-heron\/#breadcrumb"},"inLanguage":"pt-PT","potentialAction":[{"@type":"ReadAction","target":["https:\/\/www.canalviewstayamsterdam.com\/henry-the-heron\/"]}]},{"@type":"ImageObject","inLanguage":"pt-PT","@id":"https:\/\/www.canalviewstayamsterdam.com\/henry-the-heron\/#primaryimage","url":"https:\/\/canalviewstayamsterdam.com\/wp-content\/uploads\/2023\/07\/Heron-Autumn-Cropped-2-1-1-1024x549.jpg","contentUrl":"https:\/\/canalviewstayamsterdam.com\/wp-content\/uploads\/2023\/07\/Heron-Autumn-Cropped-2-1-1-1024x549.jpg"},{"@type":"BreadcrumbList","@id":"https:\/\/www.canalviewstayamsterdam.com\/henry-the-heron\/#breadcrumb","itemListElement":[{"@type":"ListItem","position":1,"name":"Home","item":"https:\/\/www.canalviewstayamsterdam.com\/"},{"@type":"ListItem","position":2,"name":"Henry The Heron"}]},{"@type":"WebSite","@id":"https:\/\/www.canalviewstayamsterdam.com\/#website","url":"https:\/\/www.canalviewstayamsterdam.com\/","name":"Canal View Stay Amesterd\u00e3o","description":"Cidade \u00danica. Estadia \u00danica.","publisher":{"@id":"https:\/\/www.canalviewstayamsterdam.com\/#organization"},"potentialAction":[{"@type":"SearchAction","target":{"@type":"EntryPoint","urlTemplate":"https:\/\/www.canalviewstayamsterdam.com\/?s={search_term_string}"},"query-input":{"@type":"PropertyValueSpecification","valueRequired":true,"valueName":"search_term_string"}}],"inLanguage":"pt-PT"},{"@type":"Organization","@id":"https:\/\/www.canalviewstayamsterdam.com\/#organization","name":"Canal View Stay Amesterd\u00e3o","url":"https:\/\/www.canalviewstayamsterdam.com\/","logo":{"@type":"ImageObject","inLanguage":"pt-PT","@id":"https:\/\/www.canalviewstayamsterdam.com\/#\/schema\/logo\/image\/","url":"https:\/\/www.canalviewstayamsterdam.com\/wp-content\/uploads\/2021\/11\/Canal-View-Stay-Amsterdam-Bed-and-Breakfast-Logo.png","contentUrl":"https:\/\/www.canalviewstayamsterdam.com\/wp-content\/uploads\/2021\/11\/Canal-View-Stay-Amsterdam-Bed-and-Breakfast-Logo.png","width":400,"height":100,"caption":"Canal View Stay Amsterdam"},"image":{"@id":"https:\/\/www.canalviewstayamsterdam.com\/#\/schema\/logo\/image\/"},"sameAs":["https:\/\/www.instagram.com\/canalviewstayamsterdam\/?hl=en"]}]}},"_links":{"self":[{"href":"https:\/\/www.canalviewstayamsterdam.com\/pt\/wp-json\/wp\/v2\/pages\/620","targetHints":{"allow":["GET"]}}],"collection":[{"href":"https:\/\/www.canalviewstayamsterdam.com\/pt\/wp-json\/wp\/v2\/pages"}],"about":[{"href":"https:\/\/www.canalviewstayamsterdam.com\/pt\/wp-json\/wp\/v2\/types\/page"}],"author":[{"embeddable":true,"href":"https:\/\/www.canalviewstayamsterdam.com\/pt\/wp-json\/wp\/v2\/users\/1"}],"replies":[{"embeddable":true,"href":"https:\/\/www.canalviewstayamsterdam.com\/pt\/wp-json\/wp\/v2\/comments?post=620"}],"version-history":[{"count":107,"href":"https:\/\/www.canalviewstayamsterdam.com\/pt\/wp-json\/wp\/v2\/pages\/620\/revisions"}],"predecessor-version":[{"id":5650,"href":"https:\/\/www.canalviewstayamsterdam.com\/pt\/wp-json\/wp\/v2\/pages\/620\/revisions\/5650"}],"wp:attachment":[{"href":"https:\/\/www.canalviewstayamsterdam.com\/pt\/wp-json\/wp\/v2\/media?parent=620"}],"curies":[{"name":"wp","href":"https:\/\/api.w.org\/{rel}","templated":true}]}}